{"id":627,"date":"2019-12-05T10:44:30","date_gmt":"2019-12-05T09:44:30","guid":{"rendered":"http:\/\/nord-vasculaire.fr\/?page_id=627"},"modified":"2019-12-05T10:45:06","modified_gmt":"2019-12-05T09:45:06","slug":"lexique-de-chirurgie-vasculaire","status":"publish","type":"page","link":"https:\/\/nord-vasculaire.fr\/index.php\/pathologies\/lexique-de-chirurgie-vasculaire\/","title":{"rendered":"Lexique de chirurgie vasculaire"},"content":{"rendered":"<p>Cette section a pour objectif de donner une d\u00e9finition la plus simple et la plus accessible possible des termes que votre chirurgien pourra employer en consultation, lors du suivi ou les courriers hospitaliers. Cette liste n&rsquo;est pas exhaustive, et n&rsquo;est pas cantonn\u00e9e \u00e0 la chirurgie vasculaire.<\/p>\n<p><strong>Asepsie:<\/strong> m\u00e9thode pr\u00e9ventive qui correspond \u00e0 l\u2019ensemble des mesures propres \u00e0 emp\u00eacher tout apport\u00a0 de micro-organisme.<\/p>\n<ul>\n<li>st\u00e9rilisation du mat\u00e9riel chirurgical<\/li>\n<li>lavage des mains<\/li>\n<li>pr\u00e9paration cutan\u00e9e<\/li>\n<li>d\u00e9sinfection du bloc op\u00e9ratoire<\/li>\n<li>&#8230;<\/li>\n<\/ul>\n<p>&nbsp;<\/p>\n<p><strong>Ath\u00e9rome-Ath\u00e9roscl\u00e9rose:<\/strong> L\u2019ath\u00e9roscl\u00e9rose se caract\u00e9rise par le d\u00e9p\u00f4t d\u2019une plaque essentiellement compos\u00e9e de lipides (on parle d\u2019ath\u00e9rome) sur la paroi des art\u00e8res. A terme, ces plaques peuvent entrainer la l\u00e9sion de la paroi art\u00e9rielle (scl\u00e9rose), conduire \u00e0 l\u2019obstruction du vaisseau, ou encore se rompre, avec des cons\u00e9quences souvent dramatiques. <a href=\"https:\/\/www.inserm.fr\/information-en-sante\/dossiers-information\/atherosclerose\">Plus d&rsquo;informations<\/a><\/p>\n<p><strong>Art\u00e8re<\/strong>: <strong>Vaisseau<\/strong> sanguin qui distribue le sang, du coeur aux organes.<\/p>\n<p><strong>Veine<\/strong>: Vaisseau qui ram\u00e8ne le sang des organes vers le c\u0153ur<\/p>\n<p><strong>St\u00e9nose: <\/strong>r\u00e9tr\u00e9cissement d&rsquo;un conduit. Le plus fr\u00e9quent une art\u00e8re, mais peut concerner le tube digestif, les voies biliaires&#8230;La diminution du calibre du conduit emp\u00eache la circulation des \u00e9l\u00e9ments que transporte le conduit.<\/p>\n<p><strong>Recanalisation<\/strong>: Action de franchir une occlusion d&rsquo;un vaisseau (art\u00e8re, veine).<\/p>\n<p><strong>Angioplastie<\/strong>: Ouverture d&rsquo;une art\u00e8re \u00e0 l&rsquo;aide d&rsquo;un ballon pour augmenter le diam\u00e8tre de cette derni\u00e8re.<\/p>\n<p><strong>Thrombo-endarteriectomie:<\/strong> Par un abord chirurgical, \u00ab\u00a0grattage\u00a0\u00bb de l&rsquo;art\u00e8re \u00e0 l&rsquo;aide d&rsquo;une curette pour enlever les d\u00e9p\u00f4ts ath\u00e9romateux.<\/p>\n<p><strong>Thrombectomie<\/strong>: Ablation d&rsquo;un caillot sanguin frais \u00e0 l&rsquo;int\u00e9rieur d&rsquo;une art\u00e8re. Par abord direct de l&rsquo;art\u00e8re, ou par ponction directe du vaisseau, sans abord.<\/p>\n<p><strong>Patch<\/strong>: Morceau de tissu synth\u00e9tique ou biologique utilis\u00e9 pour \u00ab\u00a0rapi\u00e9cer\u00a0\u00bb une art\u00e8re.<\/p>\n<p><strong>Stent<\/strong>: Structure m\u00e9tallique (comme un \u00ab\u00a0ressort\u00a0\u00bb), permettant de garder l&rsquo;art\u00e8re ouverte.<\/p>\n<p><strong>Isch\u00e9mie<\/strong>: Cons\u00e9quence de l&rsquo;absence de sang dans un organe, responsable d&rsquo;une souffrance de ce dernier.<\/p>\n<p><strong>Claudication: <\/strong>Douleurs musculaire li\u00e9e \u00e0 un d\u00e9faut d&rsquo;apport sanguin dans les muscles.<strong><br \/>\n<\/strong><\/p>\n<p><strong>An\u00e9vrisme: <\/strong>Dilatation d&rsquo;une art\u00e8re, pouvant conduire \u00e0 la rupture et une h\u00e9morragie interne.<strong><br \/>\n<\/strong><\/p>\n<p><strong>Endoproth\u00e8se: <\/strong>Stent recouvert de tissu, utilis\u00e9 pour \u00ab\u00a0manchonner\u00a0\u00bb une art\u00e8re par l&rsquo;int\u00e9rieur afin de renforcer celle ci dans le cas d&rsquo;un an\u00e9vrisme.<strong><br \/>\n<\/strong><\/p>\n<p>&nbsp;<\/p>\n","protected":false},"excerpt":{"rendered":"<p>Cette section a pour objectif de donner une d\u00e9finition la plus simple et la plus accessible possible des termes que votre chirurgien pourra employer en consultation, lors du suivi ou les courriers hospitaliers. Cette liste n&rsquo;est pas exhaustive, et n&rsquo;est pas cantonn\u00e9e \u00e0 la chirurgie vasculaire. Asepsie: m\u00e9thode pr\u00e9ventive qui correspond \u00e0 l\u2019ensemble des mesures &hellip; <\/p>\n<p class=\"link-more\"><a href=\"https:\/\/nord-vasculaire.fr\/index.php\/pathologies\/lexique-de-chirurgie-vasculaire\/\" class=\"more-link\">Continuer la lecture<span class=\"screen-reader-text\"> de &laquo;&nbsp;Lexique de chirurgie vasculaire&nbsp;&raquo;<\/span><\/a><\/p>\n","protected":false},"author":1,"featured_media":0,"parent":242,"menu_order":0,"comment_status":"closed","ping_status":"closed","template":"","meta":{"_mi_skip_tracking":false},"jetpack_sharing_enabled":true,"jetpack_shortlink":"https:\/\/wp.me\/PaJ9uN-a7","_links":{"self":[{"href":"https:\/\/nord-vasculaire.fr\/index.php\/wp-json\/wp\/v2\/pages\/627"}],"collection":[{"href":"https:\/\/nord-vasculaire.fr\/index.php\/wp-json\/wp\/v2\/pages"}],"about":[{"href":"https:\/\/nord-vasculaire.fr\/index.php\/wp-json\/wp\/v2\/types\/page"}],"author":[{"embeddable":true,"href":"https:\/\/nord-vasculaire.fr\/index.php\/wp-json\/wp\/v2\/users\/1"}],"replies":[{"embeddable":true,"href":"https:\/\/nord-vasculaire.fr\/index.php\/wp-json\/wp\/v2\/comments?post=627"}],"version-history":[{"count":7,"href":"https:\/\/nord-vasculaire.fr\/index.php\/wp-json\/wp\/v2\/pages\/627\/revisions"}],"predecessor-version":[{"id":670,"href":"https:\/\/nord-vasculaire.fr\/index.php\/wp-json\/wp\/v2\/pages\/627\/revisions\/670"}],"up":[{"embeddable":true,"href":"https:\/\/nord-vasculaire.fr\/index.php\/wp-json\/wp\/v2\/pages\/242"}],"wp:attachment":[{"href":"https:\/\/nord-vasculaire.fr\/index.php\/wp-json\/wp\/v2\/media?parent=627"}],"curies":[{"name":"wp","href":"https:\/\/api.w.org\/{rel}","templated":true}]}}