{"id":598,"date":"2019-05-06T15:16:22","date_gmt":"2019-05-06T13:16:22","guid":{"rendered":"http:\/\/nord-vasculaire.fr\/?page_id=598"},"modified":"2019-05-12T19:15:12","modified_gmt":"2019-05-12T17:15:12","slug":"le-traitement","status":"publish","type":"page","link":"https:\/\/nord-vasculaire.fr\/index.php\/pathologies\/veines\/les-varies\/le-traitement\/","title":{"rendered":"Le traitement"},"content":{"rendered":"<h2>Traitement m\u00e9dical<\/h2>\n<p>Des <strong>traitements m\u00e9dicaux<\/strong> et un \u00e9ventuel changement de <strong>mode de vie<\/strong> peuvent limiter les inconv\u00e9nients li\u00e9s \u00e0 l\u2019insuffisance veineuse et \u00e9viter l\u2019aggravation du probl\u00e8me.<\/p>\n<p>Cependant leur efficacit\u00e9 varie d\u2019une personne \u00e0 l\u2019autre et ils ne peuvent pas v\u00e9ritablement gu\u00e9rir la ou les veines malade(s).<\/p>\n<p><a href=\"https:\/\/www.ameli.fr\/assure\/sante\/themes\/varices-jambes\/preserver-capital-veineux-jambes\" target=\"_blank\" rel=\"noopener noreferrer\">L&rsquo;assurance maladie d\u00e9taille les diff\u00e9rentes techniques pour pr\u00e9server votre capital veineux.<\/a><\/p>\n<h2>Traitement chirurgical<\/h2>\n<p>Une <strong>op\u00e9ration<\/strong> peut vous \u00eatre propos\u00e9e si la situation devient vraiment p\u00e9nible, invalidante, ou empire au point de cr\u00e9er un trou dans la peau (ulc\u00e8re variqueux).<\/p>\n<h3>Pourquoi se faire op\u00e9rer?<\/h3>\n<p>Les patients<strong> sous-estiment les sympt\u00f4mes li\u00e9s \u00e0 l&rsquo;insuffisance veineuse<\/strong> et m\u00e9connaissent les th\u00e9rapeutiques attenantes. C\u2019est souvent tardivement qu&rsquo;ils consultent.<\/p>\n<p>Les traitements visent \u00e0 emp\u00eacher l&rsquo;aggravation des varices et \u00e0 pr\u00e9venir leurs complications (ecz\u00e9ma, douleurs, ulc\u00e8re&#8230;). Plus le traitement est r\u00e9alis\u00e9 tardivement, plus les possibilit\u00e9s th\u00e9rapeutiques sont restreintes, et la chirurgie douloureuse (enlever de nombreuses veines dilat\u00e9es est toujours plus douloureux et long qu&rsquo;un seul segment peu dilat\u00e9&#8230;).<\/p>\n<p>Le choix du traitement par le praticien est fond\u00e9 sur des crit\u00e8res scientifiques.<\/p>\n<p>Les m\u00e9thodes sont souvent combin\u00e9es : lutte contre la stase sanguine (port de contention, sur\u00e9l\u00e9vation des pieds pendant le sommeil, suppression de l&rsquo;exposition des jambes aux sources de chaleur), scl\u00e9rose de la varice, traitements chirurgicaux&#8230;.<\/p>\n<h3>Un peu d&rsquo;histoire&#8230;<\/h3>\n<p>Dans l\u2019antiquit\u00e9 on consid\u00e9rait qu&rsquo;il fallait laisser les veines malades en place, leur retrait \u00e9tait jug\u00e9 trop douloureux et les r\u00e9cidives possibles. A l\u2019\u00e9poque, l\u2019anesth\u00e9sie \u00e9tait quasi inexistante.<\/p>\n<p>N\u00e9anmoins le grec Oribase n\u00e9e en 325 av J.C , d\u00e9crit dans son trait\u00e9 chirurgical, une chirurgie des varices et, certaines de ses recommandations sont encore pertinentes :<\/p>\n<ul>\n<li>Pr\u00e9f\u00e9rer la r\u00e9section des veines \u00e0 leur ligature, qui peut engendrer de nouvelles varices ;<\/li>\n<li>Raser et \u00ab laver \u00bb le membre \u00e0 l\u2019eau chaude avant de l\u2019op\u00e9rer ;<\/li>\n<li>Quand le membre est encore chaud, marquer les varices en position debout \u00e0 la peau ;<\/li>\n<li>R\u00e9s\u00e9quer les veines de la jambe avant celle de la cuisse ;<\/li>\n<li>Extraire les caillots (l\u2019h\u00e9matome) par compression du membre op\u00e9r\u00e9.<\/li>\n<\/ul>\n<p>Le chirurgien Abulcasis (940-1013), avait d\u00e9crit comment ligaturer des vaisseaux sanguins des si\u00e8cles avant qu\u2019 <a href=\"https:\/\/fr.wikipedia.org\/wiki\/Ambroise_Par%C3%A9\" target=\"_blank\" rel=\"noopener noreferrer\">Ambroise Par\u00e9<\/a> au XVI\u00e8me si\u00e8cle ne popularise la m\u00e9thode.<\/p>\n<p>L\u2019\u00e9volution de l&rsquo;anesth\u00e9sie, de l&rsquo;imagerie m\u00e9dicale et les conditions d&rsquo;asepsie ont modifi\u00e9 nos prises en charge.<\/p>\n<p>La chirurgie des varices s&rsquo;est largement d\u00e9velopp\u00e9e au XX\u00e8me si\u00e8cle et depuis les modes interventionnels n&rsquo;ont cess\u00e9 d\u2019\u00e9voluer.<\/p>\n<h3>Les phlebectomies<\/h3>\n<p>La phl\u00e9bectomie est un traitement chirurgical consistant \u00e0 \u00ab\u00a0attraper\u00a0\u00bb les veines superficielles \u00e0 l&rsquo;aide d&rsquo;un crochet. Cette technique ne s&rsquo;applique qu&rsquo;\u00e0 de fines veines, superficielles. Il ne s&rsquo;agit pas du traitement de fond de la grande ou la petite veine saph\u00e8ne.<\/p>\n<p>Elle sont r\u00e9alis\u00e9es :<br \/>\n&#8211; dans le m\u00eame temps qu&rsquo;un traitement chirurgical d&rsquo;une varice, que ce soit lors d&rsquo;un stripping ou d&rsquo;une prise en charge endoveineuse.<br \/>\n&#8211; ponctuellement sur des varices isol\u00e9es, ou des r\u00e9cidives de varices plusieurs ann\u00e9es apr\u00e8s une op\u00e9ration.<\/p>\n<p>Elle se pratique au bloc op\u00e9ratoire dans des conditions d&rsquo;asepsie rigoureuses.<\/p>\n<h3>Le stripping<\/h3>\n<p>Il s&rsquo;agit de <strong>retirer la veine saph\u00e8ne (<a href=\"http:\/\/nord-vasculaire.fr\/index.php\/pathologies\/veines\/les-varies\/varices\/\" target=\"_blank\" rel=\"noopener noreferrer\">petite ou grande veine saph\u00e8ne<\/a>)<\/strong> ainsi que tout le r\u00e9seau veineux atteint par la varice.<\/p>\n<p>Le geste chirurgical est pr\u00e9c\u00e9d\u00e9 par un rep\u00e9rage pr\u00e9-op\u00e9ratoire: un \u00e9chomarquage par un <a href=\"http:\/\/nord-vasculaire.fr\/index.php\/examens\/echographie\/\" target=\"_blank\" rel=\"noopener noreferrer\">Doppler vasculaire<\/a> (la peau est marqu\u00e9e avec un crayon ind\u00e9l\u00e9bile avant l\u2019op\u00e9ration pour indiquer au chirurgien la place de la veine et du nerf) doit \u00eatre syst\u00e9matiquement effectu\u00e9 pour augmenter la pr\u00e9cision du geste chirurgical ; les risques sont diminu\u00e9s et l&rsquo;efficacit\u00e9 augment\u00e9e.<\/p>\n<p>L\u2019op\u00e9ration se d\u00e9roule classiquement en trois \u00e9tapes : <strong>crossectomie<\/strong> c&rsquo;est \u00e0 dire que l&rsquo;on commence par interrompre la liaison entre la veine atteinte et le syst\u00e8me veineux profond, puis on pratique l&rsquo;<strong>\u00e9veinage<\/strong> proprement dit par invagination \u00e0 l&rsquo;aide d&rsquo;un stripper, et l\u2019\u00e9limination des petites varices r\u00e9siduelles par <strong>microphl\u00e9bectomie<\/strong> sous anesth\u00e9sie g\u00e9n\u00e9rale ou rachi-anesth\u00e9sie.<\/p>\n<p>Sauf cas particulier, l&rsquo;op\u00e9ration se d\u00e9roule en <a href=\"https:\/\/www.ameli.fr\/medecin\/exercice-liberal\/presciption-prise-charge\/accord-prealable\/accord-prealable-chirurgie-ambulatoire\" target=\"_blank\" rel=\"noopener noreferrer\">ambulatoire<\/a><\/p>\n<h4>Complications des stripping<\/h4>\n<ul>\n<li>Les <strong>ecchymoses<\/strong> ou \u00ab bleus \u00bb au niveau des cuisses et des jambes sont tr\u00e8s fr\u00e9quents et sont v\u00e9cus par les patients comme tr\u00e8s inesth\u00e9tiques.<\/li>\n<li>Les <strong>h\u00e9matomes<\/strong> postop\u00e9ratoires sont \u00e9galement cit\u00e9s.<\/li>\n<li>Exceptionnellement, un <strong>lymphoc\u00e8le<\/strong> (poche de liquide lymphatique) peut se former au niveau de l\u2019aine. Le plus souvent, il se r\u00e9sorbe seul.<\/li>\n<li>Une <strong>infection cutan\u00e9e<\/strong> en regard des cicatrices surtout au niveau de l&rsquo;aine et lors d&rsquo;un \u00e9veinage long est possible. Le nettoyage doux doit \u00eatre fait d\u00e8s le lendemain de l&rsquo;intervention avec de l&rsquo;eau et du savon et ce tous les jours. Elle est souvent rencontr\u00e9e chez les patients ob\u00e8ses o\u00f9 les plis cutan\u00e9s sont nombreux et chez les sujets \u00e2g\u00e9s o\u00f9 la peau est fragile.<\/li>\n<li>Les <strong>douleurs<\/strong> \u00e0 type de tiraillement peuvent g\u00eaner la marche pendant quelques jours, la reprise de la marche doit se faire d\u00e8s le lendemain de l&rsquo;intervention. La reprise d\u2019une activit\u00e9 quotidienne normale (marche, conduite auto) est possible d\u00e8s le lendemain en th\u00e9orie. L\u2019arr\u00eat de travail est fonction de l&rsquo;activit\u00e9 professionnelle, il varie entre 1 jour \u00e0 21 jours, la moyenne \u00e9tablie est d\u2019une semaine (Source Ameli.fr 2014).<\/li>\n<li>Les <strong>phl\u00e9bites<\/strong> sont rares fort heureusement, peuvent survenir. Elles sont \u00e9vit\u00e9es en associant un anticoagulant par des HBMP* (h\u00e9parine de bas poids mol\u00e9culaire) \u00e0 vis\u00e9e pr\u00e9ventive d&rsquo;une dur\u00e9e moyenne d&rsquo;une semaine, et le port d\u2019une contention sous forme de collant, de bas ou de bandes du lever au coucher pendant 1 mois et surtout la reprise rapide de la marche.<\/li>\n<li>Une <strong>atteinte neurologique<\/strong> avec une insensibilit\u00e9 de la peau \u00e0 la face interne de la jambe est possible. L&rsquo;\u00e9chomarquage pr\u00e9op\u00e9ratoire diminue ces risques.<\/li>\n<li>Les complications inh\u00e9rentes \u00e0 l&rsquo;anesth\u00e9sie qui seront d&rsquo;autant plus lourdes que le patient est en surpoids ou ob\u00e8se, \u00e2g\u00e9 ou soit parce qu&rsquo;il pr\u00e9sente des pathologies sous-jacentes combin\u00e9es.<\/li>\n<\/ul>\n<h4>Quel suivi doit-on avoir apr\u00e8s la chirurgie des varices<\/h4>\n<p><strong>La r\u00e9alisation d\u2019un stripping n\u00e9cessite un suivi de l\u2019\u00e9tat veineux r\u00e9gulier en raison de la possibilit\u00e9 de r\u00e9cidives variqueuses.<\/strong><br \/>\nElles surviennent chez environs 20% des patient(e)s sur les trajets des veines op\u00e9r\u00e9es : au niveau de l\u2019aine et \u00e0 la face interne du membre inf\u00e9rieur pour la veine grande saph\u00e8ne, en arri\u00e8re du genou et la face post\u00e9rieure de la jambe pour la veine petite saph\u00e8ne.<br \/>\nCes r\u00e9cidives n\u00e9cessitent des traitements compl\u00e9mentaires soit par scl\u00e9roth\u00e9rapie soit par phl\u00e9bectomie.<\/p>\n<h3>Les techniques endo-veineuse.<\/h3>\n<section class=\"article-content clearfix\" itemprop=\"articleBody\">Depuis quelques dizaines d&rsquo;ann\u00e9es, la technologie a fait de grands pas en avant avec la miniaturisation des instruments, ainsi de nouvelles techniques ont permis d&rsquo;introduire de petits cath\u00e9ters dans pratiquement tous les organes du corps humain. La chirurgie des art\u00e8res n&rsquo;est pas en reste, puisque<a href=\"http:\/\/nord-vasculaire.fr\/index.php\/pathologies\/arteres\/angioplastie-et-stenting\/\" target=\"_blank\" rel=\"noopener noreferrer\"> l&rsquo;angioplastie et le stenting<\/a> des art\u00e8res des membres inf\u00e9rieurs sont une pratique quotidienne pour un chirurgien vasculaire !<\/p>\n<h3><span><strong>Le laser<\/strong><\/span><\/h3>\n<p>Le <strong>laser<\/strong> a \u00e9t\u00e9 le premier mis \u00e0 contribution, en effet, avec les moyens modernes, il est assez facile de guider cette lumi\u00e8re intense dans des fibres optiques suffisamment fines pour \u00eatre introduite dans une veine variqueuse.<\/p>\n<\/section>\n<h5>Le laser endoveineux<\/h5>\n<p>Une fibre optique de tr\u00e8s petit calibre est introduite \u00e0 l\u2019int\u00e9rieur de la varice.<\/p>\n<p>La technique utilise la chaleur \u00e9mise par la lumi\u00e8re g\u00e9n\u00e9r\u00e9e par un g\u00e9n\u00e9rateur laser d\u2019une longueur d\u2019onde allant de 810 nm jusqu\u2019\u00e0 2068 nm.<\/p>\n<p>La chaleur \u00e9mise par l&rsquo;\u00e9nergie du laser va d\u00e9truire la paroi veineuse. <strong>La veine n&rsquo;est pas retir\u00e9e<\/strong>. Elle va se r\u00e9tracter, se fibroser puis dispara\u00eetre progressivement.<\/p>\n<p>La proc\u00e9dure est r\u00e9alis\u00e9e au cours d&rsquo;une br\u00e8ve hospitalisation, en <a href=\"https:\/\/www.has-sante.fr\/portail\/upload\/docs\/application\/pdf\/2012-04\/la_chirurgie_ambulatoire_en_12_questions.pdf\" target=\"_blank\" rel=\"noopener noreferrer\">ambulatoire<\/a>.<\/p>\n<h5>Complications<\/h5>\n<p>Ce sont les m\u00eames qu&rsquo;avec le stripping, mais elles sont moins fr\u00e9quentes, et plus mesur\u00e9es.<\/p>\n<p>Tout l\u2019int\u00e9r\u00eat de ces techniques, avec une dur\u00e9e d\u2019hospitalisation minime et une reprise de la marche imm\u00e9diate, est de minimiser la survenue d\u2019\u00e9v\u00e8nement thromboembolique secondaire.<\/p>\n<p>Des <strong>br\u00fblures superficielles cutan\u00e9es<\/strong> sont \u00e9galement d\u00e9crites pour les lasers intraveineux mais restent des effets secondaires tr\u00e8s rares inf\u00e9rieurs \u00e0 1%.<\/p>\n<h2>Comparaison des diff\u00e9rentes techniques<\/h2>\n<p>Les \u00e9tudes scientifiques r\u00e9centes confirment que les techniques endovasculaires ont quasiment la m\u00eame efficacit\u00e9 que le stripping.<\/p>\n<p>Cependant, certains crit\u00e8res, en particulier anatomiques, contre-indiquent la prise en charge endoveineuse.<\/p>\n<h2>Indications de premi\u00e8re intention des diff\u00e9rentes techniques<\/h2>\n<table cellspacing=\"0\" cellpadding=\"0\" border=\"0\">\n<tbody>\n<tr>\n<td width=\"144\" valign=\"top\"><strong>Indications<\/strong><\/td>\n<td width=\"270\" valign=\"top\"><span><strong>Les stripping<\/strong><\/span><\/td>\n<td width=\"258\" valign=\"top\"><span><strong>TEV (Radiofr\u00e9quence, Laser, Scl\u00e9rose).<\/strong><\/span><\/td>\n<\/tr>\n<tr>\n<td width=\"144\" valign=\"top\"><strong>Ob\u00e9sit\u00e9 \/Surpoids<\/strong><\/td>\n<td width=\"270\" valign=\"top\">Difficile (incision difficile, palpation des branches accessoires difficiles, cicatrisation compliqu\u00e9e)<\/td>\n<td width=\"258\" valign=\"top\">Tr\u00e8s bonne indication sous r\u00e9serve d&rsquo;un bon rep\u00e9rage par \u00e9chographie Doppler et d&rsquo;un bon mat\u00e9riel.<\/td>\n<\/tr>\n<tr>\n<td width=\"144\" valign=\"top\"><strong>Sujet mince<\/strong><\/td>\n<td width=\"270\" valign=\"top\">Gr\u00e2ce \u00e0 l&rsquo;\u00e9volution du savoir-faire-op\u00e9ratoire et anesth\u00e9sique, les strippings sont une bonne indication avec un confort quasi similaire en postop\u00e9ratoire<\/td>\n<td width=\"258\" valign=\"top\">Indication relative, possible, aussi efficace que les stripping mais avec le Laser en postop\u00e9ratoire, le patient peut ressentir des suites douloureuses et des br\u00fblures sont constat\u00e9es pour de fibres \u00e9paisses.<\/td>\n<\/tr>\n<tr>\n<td width=\"144\" valign=\"top\"><strong>Troncs de tr\u00e8s gros diam\u00e8tre<br \/>\n<\/strong><\/td>\n<td width=\"270\" valign=\"top\">Indication de premi\u00e8re intention<\/td>\n<td width=\"258\" valign=\"top\">Moindre efficacit\u00e9, l&rsquo;\u00e9nergie d\u00e9livr\u00e9e n&rsquo;atteignant pas suffisamment la paroi veineuse. Risque d\u2019\u00e9chec important.<\/td>\n<\/tr>\n<tr>\n<td width=\"144\" valign=\"top\"><strong>Troncs superficiels<\/strong><\/td>\n<td width=\"270\" valign=\"top\"><\/td>\n<td width=\"258\" valign=\"top\">Contre indication pour les troncs situ\u00e9es \u00e0 moins de 5mm sous le derme avec des complications inflammatoires, des h\u00e9matomes et des br\u00fblures<\/td>\n<\/tr>\n<\/tbody>\n<\/table>\n<h2>Conclusion<\/h2>\n<p>Les avanc\u00e9es scientifiques d&rsquo;imagerie, d&rsquo;anesth\u00e9sie et le savoir-faire des praticiens ont rendu effective la prise en charge de la maladie variqueuse en offrant aux patients un confort op\u00e9ratoire et post-op\u00e9ratoire ind\u00e9niable.<\/p>\n<p>Aujourd&rsquo;hui, les stripping et les techniques endovasculaires sont superposables en terme d&rsquo;efficacit\u00e9.<\/p>\n<p>Pour chacun de ces modes interventionnels, on peut choisir \u00e0 pr\u00e9sent la meilleure indication.<\/p>\n<p>Ces actes th\u00e9rapeutiques sont du sur-mesure, ils s&rsquo;adaptent au poids du patient, \u00e0 la situation anatomique des veines malades, \u00e0 l&rsquo;aspect cutan\u00e9 en regard, \u00e0 l&rsquo;activit\u00e9 professionnelle et aux traitements en cours.<\/p>\n<p>Ils visent \u00e0 diminuer les temps d&rsquo;hospitalisation et \u00e0 r\u00e9int\u00e9grer les patients dans la vie active en facilitant la reprise de la marche rapidement et en toute s\u00e9curit\u00e9. L&rsquo;\u00e2ge n&rsquo;est plus une contrainte.<\/p>\n<p>Les varices ne sont plus une fatalit\u00e9.<\/p>\n<h5>Pour en savoir plus:<\/h5>\n<p><a href=\"https:\/\/www.ameli.fr\/assure\/sante\/themes\/varices-jambes\" target=\"_blank\" rel=\"noopener noreferrer\">https:\/\/www.ameli.fr\/assure\/sante\/themes\/varices-jambes<\/a><\/p>\n<p><a href=\"http:\/\/www.vasculaire.com\/fr\/Maladies\/Les-Varices-des-Membres-inferieurs\/Qu-est-qu-une-varice\" target=\"_blank\" rel=\"noopener noreferrer\">http:\/\/www.vasculaire.com\/fr\/Maladies\/Les-Varices-des-Membres-inferieurs\/Qu-est-qu-une-varice<\/a><\/p>\n","protected":false},"excerpt":{"rendered":"<p>Traitement m\u00e9dical Des traitements m\u00e9dicaux et un \u00e9ventuel changement de mode de vie peuvent limiter les inconv\u00e9nients li\u00e9s \u00e0 l\u2019insuffisance veineuse et \u00e9viter l\u2019aggravation du probl\u00e8me. Cependant leur efficacit\u00e9 varie d\u2019une personne \u00e0 l\u2019autre et ils ne peuvent pas v\u00e9ritablement gu\u00e9rir la ou les veines malade(s). L&rsquo;assurance maladie d\u00e9taille les diff\u00e9rentes techniques pour pr\u00e9server votre &hellip; <\/p>\n<p class=\"link-more\"><a href=\"https:\/\/nord-vasculaire.fr\/index.php\/pathologies\/veines\/les-varies\/le-traitement\/\" class=\"more-link\">Continuer la lecture<span class=\"screen-reader-text\"> de &laquo;&nbsp;Le traitement&nbsp;&raquo;<\/span><\/a><\/p>\n","protected":false},"author":1,"featured_media":0,"parent":570,"menu_order":0,"comment_status":"closed","ping_status":"closed","template":"","meta":{"_mi_skip_tracking":false},"jetpack_sharing_enabled":true,"jetpack_shortlink":"https:\/\/wp.me\/PaJ9uN-9E","_links":{"self":[{"href":"https:\/\/nord-vasculaire.fr\/index.php\/wp-json\/wp\/v2\/pages\/598"}],"collection":[{"href":"https:\/\/nord-vasculaire.fr\/index.php\/wp-json\/wp\/v2\/pages"}],"about":[{"href":"https:\/\/nord-vasculaire.fr\/index.php\/wp-json\/wp\/v2\/types\/page"}],"author":[{"embeddable":true,"href":"https:\/\/nord-vasculaire.fr\/index.php\/wp-json\/wp\/v2\/users\/1"}],"replies":[{"embeddable":true,"href":"https:\/\/nord-vasculaire.fr\/index.php\/wp-json\/wp\/v2\/comments?post=598"}],"version-history":[{"count":9,"href":"https:\/\/nord-vasculaire.fr\/index.php\/wp-json\/wp\/v2\/pages\/598\/revisions"}],"predecessor-version":[{"id":626,"href":"https:\/\/nord-vasculaire.fr\/index.php\/wp-json\/wp\/v2\/pages\/598\/revisions\/626"}],"up":[{"embeddable":true,"href":"https:\/\/nord-vasculaire.fr\/index.php\/wp-json\/wp\/v2\/pages\/570"}],"wp:attachment":[{"href":"https:\/\/nord-vasculaire.fr\/index.php\/wp-json\/wp\/v2\/media?parent=598"}],"curies":[{"name":"wp","href":"https:\/\/api.w.org\/{rel}","templated":true}]}}