{"id":591,"date":"2019-05-06T15:04:16","date_gmt":"2019-05-06T13:04:16","guid":{"rendered":"http:\/\/nord-vasculaire.fr\/?page_id=591"},"modified":"2019-05-07T21:07:04","modified_gmt":"2019-05-07T19:07:04","slug":"angioplastie-et-stenting","status":"publish","type":"page","link":"https:\/\/nord-vasculaire.fr\/index.php\/pathologies\/arteres\/angioplastie-et-stenting\/","title":{"rendered":"Angioplastie et stenting"},"content":{"rendered":"<p><a href=\"https:\/\/fr.wikipedia.org\/wiki\/Angioplastie#cite_note-1\" target=\"_blank\" rel=\"noopener noreferrer\">L&rsquo;<b>angioplastie percutan\u00e9e<\/b><\/a> est indiqu\u00e9e pour traiter les <a href=\"https:\/\/fr.wikipedia.org\/wiki\/Occlusion\" class=\"mw-disambig\" title=\"Occlusion\">occlusions<\/a> ou les <a href=\"https:\/\/fr.wikipedia.org\/wiki\/St%C3%A9nose\" title=\"St\u00e9nose\">st\u00e9noses<\/a> art\u00e9rielles. Elle utilise pour cela de petits ballonnets gonflables, \u00e0 usage unique, qui permettent de dilater l&rsquo;<a href=\"https:\/\/fr.wikipedia.org\/wiki\/Art%C3%A8re\" title=\"Art\u00e8re\">art\u00e8re<\/a> \u00e0 l&rsquo;endroit du r\u00e9tr\u00e9cissement. Le plus souvent, le geste est compl\u00e9t\u00e9 par la mise en place d&rsquo;un <a href=\"https:\/\/fr.wikipedia.org\/wiki\/Stent\" target=\"_blank\" rel=\"noopener noreferrer\">stent<\/a> m\u00e9tallique (commun\u00e9ment appel\u00e9e \u00ab\u00a0<i>ressort\u00a0\u00bb<\/i>) qui reste incrust\u00e9e \u00e0 l&rsquo;int\u00e9rieur du vaisseau pour \u00e9viter la reformation d&rsquo;un r\u00e9tr\u00e9cissement.<\/p>\n<p>Cette proth\u00e8se est progressivement recouverte par les cellules de l&rsquo;art\u00e8re qui, dans certains cas, se d\u00e9veloppent excessivement, reformant un r\u00e9tr\u00e9cissement (ph\u00e9nom\u00e8ne dit de \u00ab\u00a0<a href=\"https:\/\/fr.wikipedia.org\/w\/index.php?title=Rest%C3%A9nose&amp;action=edit&amp;redlink=1\" class=\"new\" title=\"Rest\u00e9nose (page inexistante)\">rest\u00e9nose<\/a>\u00a0\u00bb). Pour lutter contre ce ph\u00e9nom\u00e8ne, de nouvelles proth\u00e8ses recouvertes de produits actifs luttant contre ce d\u00e9veloppement cellulaire ont \u00e9t\u00e9 invent\u00e9es. Dans tous les cas, l&rsquo;administration de <a href=\"https:\/\/fr.wikipedia.org\/wiki\/Antiagr%C3%A9gant\" title=\"Antiagr\u00e9gant\">m\u00e9dicaments luttant contre l&rsquo;agr\u00e9gation plaquettaire<\/a> est n\u00e9cessaire \u00e0 long terme (aspirine, plavix&#8230;).<\/p>\n<p>Toutes les art\u00e8res du corps humain peuvent th\u00e9oriquement \u00eatre dilat\u00e9es et\/ou stent\u00e9es. Cependant, certaines art\u00e8res, du fait de leur localisation, sont de mauvaises indications au stenting ou \u00e0 l&rsquo;angioplastie.<\/p>\n<p>Lorsqu&rsquo;un cardiologue est sp\u00e9cialis\u00e9 dans les art\u00e8res du coeur, un chirurgien vasculaire est sp\u00e9cialis\u00e9e dans l&rsquo;\u00e9tude de toutes les autres art\u00e8res du corps humain.<\/p>\n<p>L&rsquo;indication de l&rsquo;angioplastie doit \u00eatre soigneusement pes\u00e9e et ne doit pas se baser sur le seul aspect visuel de l&rsquo;art\u00e8re: la symptomatologie, l&rsquo;\u00e9tendue des l\u00e9sions, le type de l\u00e9sion, la topographie&#8230;Sont autant de crit\u00e8res participant au choix d&rsquo;une technique chirurgicale, prise en concertation avec le patient.<\/p>\n<h2><span class=\"mw-headline\" id=\"Avant-propos\">Avant-propos<\/span><\/h2>\n<p><i><span class=\"lang-en\" lang=\"en\">Stent<\/span><\/i> est un ancien terme anglais d\u00e9crivant un support. Dans la litt\u00e9rature m\u00e9dicale, le nom de <a href=\"https:\/\/en.wikipedia.org\/wiki\/Charles_Stent\" class=\"new\" title=\"Charles Stent (page inexistante)\" target=\"_blank\" rel=\"noopener noreferrer\">Charles Thomas Stent<\/a>, un dentiste anglais du <abbr class=\"abbr\" title=\"19\u1d49 si\u00e8cle\"><span class=\"romain\">XIX<\/span><sup>e<\/sup><\/abbr>\u00a0si\u00e8cle est parfois \u00e9voqu\u00e9 comme \u00e9tant \u00e0 l&rsquo;origine du terme.<\/p>\n<p>En fran\u00e7ais, on parle souvent d&rsquo;endoproth\u00e8se art\u00e9rielle. Par contre, le terme <i><a href=\"https:\/\/fr.wikipedia.org\/wiki\/Proth%C3%A8se_(m%C3%A9decine)\" title=\"Proth\u00e8se (m\u00e9decine)\">proth\u00e8se<\/a><\/i> est r\u00e9serv\u00e9 \u00e0 un dispositif artificiel destin\u00e9 \u00e0 <i>remplacer<\/i> un membre, un organe ou une articulation.<\/p>\n<h2><span class=\"mw-headline\" id=\"Historique\">Historique<\/span><\/h2>\n<p>La premi\u00e8re <a href=\"https:\/\/fr.wikipedia.org\/wiki\/Angioplastie\" title=\"Angioplastie\">angioplastie<\/a> coronaire a \u00e9t\u00e9 faite par <a href=\"https:\/\/fr.wikipedia.org\/wiki\/Andreas_Gruentzig\" title=\"Andreas Gruentzig\">Andreas Gruentzig<\/a> le 16 septembre 1977 \u00e0 Zurich. Le premier stent est le <i>WallStent<\/i> d\u00e9velopp\u00e9 par Hans Wallsten \u00e0 Lausanne par Medinvent en collaboration avec <a href=\"https:\/\/fr.wikipedia.org\/wiki\/Ulrich_Sigwart\" title=\"Ulrich Sigwart\">Ulrich Sigwart<\/a> et l&rsquo;ing\u00e9nieur Christian Imbert.<\/p>\n<h2><span id=\"Mode_d.27action\"><\/span><span class=\"mw-headline\" id=\"Mode_d'action\">Mode d&rsquo;action<\/span><\/h2>\n<div class=\"thumbinner\">\n<p><iframe loading=\"lazy\" width=\"560\" height=\"314\" src=\"\/\/www.youtube.com\/embed\/i-KXyVpOobM\" allowfullscreen=\"allowfullscreen\"><\/iframe><\/p>\n<div class=\"thumbcaption\">\n<div class=\"magnify\"><\/div>\n<\/div>\n<\/div>\n<div class=\"thumb tright\">\n<div class=\"thumbinner\">\n<div class=\"thumbcaption\"><\/div>\n<\/div>\n<\/div>\n<p>L&rsquo;<a href=\"https:\/\/fr.wikipedia.org\/wiki\/Angioplastie\" title=\"Angioplastie\">angioplastie<\/a> est la proc\u00e9dure permettant de dilater une art\u00e8re r\u00e9tr\u00e9cie \u00e0 l&rsquo;aide d&rsquo;un ballon qu&rsquo;on gonfle dans cette derni\u00e8re, \u00e9crasant ainsi la plaque d&rsquo;<a href=\"https:\/\/fr.wikipedia.org\/wiki\/Ath%C3%A9rome\" class=\"mw-redirect\" title=\"Ath\u00e9rome\">ath\u00e9rome<\/a> responsable de la <a href=\"https:\/\/fr.wikipedia.org\/wiki\/St%C3%A9nose\" title=\"St\u00e9nose\">st\u00e9nose<\/a>. Le principal inconv\u00e9nient de cette technique est le taux important de rest\u00e9nose, c&rsquo;est-\u00e0-dire de r\u00e9cidive du r\u00e9tr\u00e9cissement (pr\u00e8s de la moiti\u00e9 des cas). Cette derni\u00e8re peut \u00eatre pr\u00e9coce (retour \u00e9lastique de l&rsquo;art\u00e8re apr\u00e8s d\u00e9gonflage du ballon) ou tardive (par prolif\u00e9ration des cellules de la paroi de l&rsquo;art\u00e8re (<a href=\"https:\/\/fr.wikipedia.org\/wiki\/Endoth%C3%A9lium\" title=\"Endoth\u00e9lium\">endoth\u00e9lium<\/a>) et surtout par r\u00e9traction cicatricielle.<\/p>\n<p>Le stent est un ressort m\u00e9tallique qui est positionn\u00e9 sur un ballon d\u00e9gonfl\u00e9. Lors du gonflage de ce dernier dans l&rsquo;art\u00e8re, il se dilate et emp\u00eache le retour \u00e9lastique de la st\u00e9nose. Le ballon est alors retir\u00e9 et le stent reste en place. Il peut \u00eatre mis d&#8217;embl\u00e9e (<i>stenting direct<\/i>) ou apr\u00e8s une dilatation par un premier ballon. La mise en place d&rsquo;un stent se fait sous <a href=\"http:\/\/nord-vasculaire.fr\/index.php\/examens\/arteriographie\/\" title=\"Radiographie\" target=\"_blank\" rel=\"noopener noreferrer\">radioscopie<\/a> et n&rsquo;allonge pas sensiblement la proc\u00e9dure.<\/p>\n<p>S&rsquo;agissant d&rsquo;un mat\u00e9riel \u00e9tranger au corps humain, c&rsquo;est un point d&rsquo;appel naturel \u00e0 la formation d&rsquo;un <a href=\"https:\/\/fr.wikipedia.org\/wiki\/Caillot_sanguin\" class=\"mw-redirect\" title=\"Caillot sanguin\">caillot<\/a>. Un traitement emp\u00eachant l&rsquo;apparition de ce dernier reste donc indispensable pendant au moins plusieurs semaines, jusqu&rsquo;\u00e0 ce que le m\u00e9tal soit naturellement recouvert par les cellules de la paroi interne de l&rsquo;art\u00e8re (<i>endoth\u00e9lialisation<\/i>). Actuellement l&rsquo;association de choix comporte de l&rsquo;aspirine et un autre <a href=\"https:\/\/fr.wikipedia.org\/wiki\/Antiagr%C3%A9gant\" title=\"Antiagr\u00e9gant\">antiagr\u00e9gant plaquettaire<\/a> (<a href=\"https:\/\/fr.wikipedia.org\/wiki\/Clopidogrel\" title=\"Clopidogrel\">clopidogrel<\/a>, <a href=\"https:\/\/fr.wikipedia.org\/wiki\/Prasugrel\" title=\"Prasugrel\">prasugrel<\/a> ou <a href=\"https:\/\/fr.wikipedia.org\/wiki\/Ticagrelor\" title=\"Ticagrelor\">ticagrelor<\/a>).<\/p>\n<p>&nbsp;<\/p>\n<p>&nbsp;<\/p>\n<p>&nbsp;<\/p>\n","protected":false},"excerpt":{"rendered":"<p>L&rsquo;angioplastie percutan\u00e9e est indiqu\u00e9e pour traiter les occlusions ou les st\u00e9noses art\u00e9rielles. Elle utilise pour cela de petits ballonnets gonflables, \u00e0 usage unique, qui permettent de dilater l&rsquo;art\u00e8re \u00e0 l&rsquo;endroit du r\u00e9tr\u00e9cissement. Le plus souvent, le geste est compl\u00e9t\u00e9 par la mise en place d&rsquo;un stent m\u00e9tallique (commun\u00e9ment appel\u00e9e \u00ab\u00a0ressort\u00a0\u00bb) qui reste incrust\u00e9e \u00e0 l&rsquo;int\u00e9rieur &hellip; <\/p>\n<p class=\"link-more\"><a href=\"https:\/\/nord-vasculaire.fr\/index.php\/pathologies\/arteres\/angioplastie-et-stenting\/\" class=\"more-link\">Continuer la lecture<span class=\"screen-reader-text\"> de &laquo;&nbsp;Angioplastie et stenting&nbsp;&raquo;<\/span><\/a><\/p>\n","protected":false},"author":1,"featured_media":0,"parent":563,"menu_order":0,"comment_status":"closed","ping_status":"closed","template":"","meta":{"_mi_skip_tracking":false},"jetpack_sharing_enabled":true,"jetpack_shortlink":"https:\/\/wp.me\/PaJ9uN-9x","_links":{"self":[{"href":"https:\/\/nord-vasculaire.fr\/index.php\/wp-json\/wp\/v2\/pages\/591"}],"collection":[{"href":"https:\/\/nord-vasculaire.fr\/index.php\/wp-json\/wp\/v2\/pages"}],"about":[{"href":"https:\/\/nord-vasculaire.fr\/index.php\/wp-json\/wp\/v2\/types\/page"}],"author":[{"embeddable":true,"href":"https:\/\/nord-vasculaire.fr\/index.php\/wp-json\/wp\/v2\/users\/1"}],"replies":[{"embeddable":true,"href":"https:\/\/nord-vasculaire.fr\/index.php\/wp-json\/wp\/v2\/comments?post=591"}],"version-history":[{"count":6,"href":"https:\/\/nord-vasculaire.fr\/index.php\/wp-json\/wp\/v2\/pages\/591\/revisions"}],"predecessor-version":[{"id":619,"href":"https:\/\/nord-vasculaire.fr\/index.php\/wp-json\/wp\/v2\/pages\/591\/revisions\/619"}],"up":[{"embeddable":true,"href":"https:\/\/nord-vasculaire.fr\/index.php\/wp-json\/wp\/v2\/pages\/563"}],"wp:attachment":[{"href":"https:\/\/nord-vasculaire.fr\/index.php\/wp-json\/wp\/v2\/media?parent=591"}],"curies":[{"name":"wp","href":"https:\/\/api.w.org\/{rel}","templated":true}]}}