{"id":579,"date":"2019-05-02T21:17:06","date_gmt":"2019-05-02T19:17:06","guid":{"rendered":"http:\/\/nord-vasculaire.fr\/?page_id=579"},"modified":"2019-05-20T17:52:37","modified_gmt":"2019-05-20T15:52:37","slug":"les-varices-pelviennes","status":"publish","type":"page","link":"https:\/\/nord-vasculaire.fr\/index.php\/pathologies\/veines\/les-varices-pelviennes\/","title":{"rendered":"Les varices pelviennes"},"content":{"rendered":"<section class=\"article-content clearfix\" itemprop=\"articleBody\"><\/section>\n<section class=\"article-content clearfix\" itemprop=\"articleBody\">Les <strong>varices pelviennes<\/strong>, terme englobant les varices vulvaires et p\u00e9rin\u00e9ales, se forment chez la femme dans le petit bassin (pelvis), on les observe au niveau de la vulve et du p\u00e9rin\u00e9e. Elles peuvent appara\u00eetre au cours de la grossesse, puis dispara\u00eetre \u00e0 l&rsquo;accouchement.<\/section>\n<section itemprop=\"articleBody\"><\/section>\n<section class=\"article-content clearfix\" itemprop=\"articleBody\">Les varices pelviennes peuvent \u00eatre pr\u00e9sentes sans occasionner de troubles. En effet, une dilatation de ces veines est tr\u00e8s <strong>fr\u00e9quente chez les femmes<\/strong> ayant eu plusieurs grossesses (multipares).<\/section>\n<section class=\"article-content clearfix\" itemprop=\"articleBody\">\n<h2>Varices pelviennes\u00a0: r\u00e9sultats d&rsquo;une hyperpression<\/h2>\n<p class=\"sstitre\">Les varices pelviennes sont dues \u00e0 une hyperpression sanguine, au niveau des veines ovariennes ou ut\u00e9rines.<\/p>\n<p>Les varices pelviennes peuvent appara\u00eetre dans deux cas\u00a0:<\/p>\n<ul>\n<li>une maladie variqueuse des membres inf\u00e9rieurs\u00a0: <a href=\"http:\/\/nord-vasculaire.fr\/index.php\/pathologies\/veines\/les-varies\/\" oo-trk=\"navigation-contenu-lien-hypertext\">insuffisance veineuse chronique<\/a>,<\/li>\n<li>une hyperpression dans la r\u00e9gion pelvienne.<\/li>\n<\/ul>\n<p>Contrairement aux autres veines, les veines pelviennes ne poss\u00e8dent pas de valvules, donc de syst\u00e8me anti-reflux. En revanche, elles sont \u00e9quip\u00e9es de diff\u00e9rents r\u00e9cepteurs, qui agissent en fonction du stress et des hormones.<\/p>\n<p>La r\u00e9gion pelvienne, qui englobe tout le petit bassin, est tr\u00e8s soumise aux variations hormonales et environnantes. Cela entra\u00eene parfois des augmentations de pression dans les veines pelviennes.<\/p>\n<h3>Causes de l&rsquo;hyperpression pelvienne<\/h3>\n<p>Les varices pelviennes sont dues \u00e0 une augmentation de pression au niveau des veines pelviennes, ovariennes et ut\u00e9rines. Cette hyperpression peut \u00eatre caus\u00e9e par\u00a0:<\/p>\n<ul>\n<li>une grossesse\u00a0: g\u00e9n\u00e9ralement, les varices pelviennes se d\u00e9veloppent au moment de la seconde grossesse. Il est rare qu&rsquo;elles apparaissent au cours de la premi\u00e8re,<\/li>\n<li>une tumeur\u00a0: fibrome ut\u00e9rin ou kyste ovarien.<\/li>\n<\/ul>\n<p>Dans le cadre d&rsquo;une grossesse, les varices pelviennes surviennent g\u00e9n\u00e9ralement aux alentours du cinqui\u00e8me mois\u00a0:<\/p>\n<ul>\n<li>En effet, pendant la grossesse, les veines se dilatent naturellement et l&rsquo;afflux sanguin est important.<\/li>\n<li>La pression augmente au niveau des veines pelviennes et des varices peuvent se former.<\/li>\n<\/ul>\n<p>Souvent, les varices pelviennes apparues au cours de la grossesse disparaissent apr\u00e8s l&rsquo;accouchement.<\/p>\n<h3>Le syndrome de congestion pelvienne<\/h3>\n<p>Les sympt\u00f4mes pelviens correspondent au \u00ab syndrome de congestion pelvienne \u00bb avec douleurs du bas ventre pendant les p\u00e9riodes d\u2019ovulation, pr\u00e9menstruelles, menstruelles, et parfois pendant ou apr\u00e8s les rapports sexuels. Des troubles urinaires peuvent \u00eatre associ\u00e9s.<\/p>\n<p>En pr\u00e9sence d\u2019un syndrome de congestion pelvienne, ou, si des varices p\u00e9rin\u00e9ales ou vulvaires perdurent apr\u00e8s les grossesses, il est pr\u00e9f\u00e9rable de prendre avis aupr\u00e8s d\u2019un sp\u00e9cialiste des vaisseaux.<\/p>\n<p>Celui-ci r\u00e9alisera une \u00e9valuation de la situation concernant vos sympt\u00f4mes, et un premier bilan veineux, avec \u00e9cho-doppler (\u00e9chographie associant une \u00e9tude des flux), sur vos varices du p\u00e9rin\u00e9e et des jambes.<\/p>\n<h3>Traitement des varices p\u00e9rin\u00e9ales ou vulvaires<\/h3>\n<p>Si les varices p\u00e9rin\u00e9ales ou vulvaires ne sont pas trop importantes, et en l\u2019absence de syndrome de congestion pelvienne, il est possible d\u2019envisager un traitement par scl\u00e9roth\u00e9rapie.<\/p>\n<p>En revanche, en cas de varices p\u00e9rin\u00e9ales volumineuses, ou en pr\u00e9sence de sympt\u00f4mes occasionnant une g\u00eane importante pour la patiente, d\u2019autres examens peuvent \u00eatre envisag\u00e9s.<\/p>\n<ul>\n<li>\u00e9chographie pelvienne<\/li>\n<li>scanner<\/li>\n<li>IRM<\/li>\n<li>phl\u00e9bographie s\u00e9lective.<\/li>\n<\/ul>\n<p>Ils sont utiles pour affiner le diagnostic et \u00e9liminer une autre cause, mais aussi afin d\u2019envisager un \u00e9ventuel traitement tel qu\u2019une <strong>embolisation des varices pelviennes<\/strong>.<\/p>\n<p>L\u2019embolisation pelvienne consiste \u00e0 boucher les varices pelviennes avec des petits ressorts (co\u00efls), par voie endoveineuse (en naviguant \u00e0 l&rsquo;int\u00e9rieur des veines gr\u00e2ce \u00e0 du mat\u00e9riel d\u00e9di\u00e9).<\/p>\n<p>La mousse scl\u00e9rosante est souvent associ\u00e9e \u00e9galement dans ce traitement ; elle est inject\u00e9e par les m\u00eames cath\u00e9ters.<\/p>\n<p>Si des varices p\u00e9rin\u00e9ales sont associ\u00e9es, il est, en g\u00e9n\u00e9ral, tout de m\u00eame n\u00e9cessaire de traiter celles-ci secondairement, le plus souvent par scl\u00e9roth\u00e9rapie.<\/p>\n<\/section>\n<p>&nbsp;<\/p>\n","protected":false},"excerpt":{"rendered":"<p>Les varices pelviennes, terme englobant les varices vulvaires et p\u00e9rin\u00e9ales, se forment chez la femme dans le petit bassin (pelvis), on les observe au niveau de la vulve et du p\u00e9rin\u00e9e. Elles peuvent appara\u00eetre au cours de la grossesse, puis dispara\u00eetre \u00e0 l&rsquo;accouchement. Les varices pelviennes peuvent \u00eatre pr\u00e9sentes sans occasionner de troubles. En effet, &hellip; <\/p>\n<p class=\"link-more\"><a href=\"https:\/\/nord-vasculaire.fr\/index.php\/pathologies\/veines\/les-varices-pelviennes\/\" class=\"more-link\">Continuer la lecture<span class=\"screen-reader-text\"> de &laquo;&nbsp;Les varices pelviennes&nbsp;&raquo;<\/span><\/a><\/p>\n","protected":false},"author":1,"featured_media":0,"parent":562,"menu_order":0,"comment_status":"closed","ping_status":"closed","template":"","meta":{"_mi_skip_tracking":false},"jetpack_sharing_enabled":true,"jetpack_shortlink":"https:\/\/wp.me\/PaJ9uN-9l","_links":{"self":[{"href":"https:\/\/nord-vasculaire.fr\/index.php\/wp-json\/wp\/v2\/pages\/579"}],"collection":[{"href":"https:\/\/nord-vasculaire.fr\/index.php\/wp-json\/wp\/v2\/pages"}],"about":[{"href":"https:\/\/nord-vasculaire.fr\/index.php\/wp-json\/wp\/v2\/types\/page"}],"author":[{"embeddable":true,"href":"https:\/\/nord-vasculaire.fr\/index.php\/wp-json\/wp\/v2\/users\/1"}],"replies":[{"embeddable":true,"href":"https:\/\/nord-vasculaire.fr\/index.php\/wp-json\/wp\/v2\/comments?post=579"}],"version-history":[{"count":6,"href":"https:\/\/nord-vasculaire.fr\/index.php\/wp-json\/wp\/v2\/pages\/579\/revisions"}],"predecessor-version":[{"id":638,"href":"https:\/\/nord-vasculaire.fr\/index.php\/wp-json\/wp\/v2\/pages\/579\/revisions\/638"}],"up":[{"embeddable":true,"href":"https:\/\/nord-vasculaire.fr\/index.php\/wp-json\/wp\/v2\/pages\/562"}],"wp:attachment":[{"href":"https:\/\/nord-vasculaire.fr\/index.php\/wp-json\/wp\/v2\/media?parent=579"}],"curies":[{"name":"wp","href":"https:\/\/api.w.org\/{rel}","templated":true}]}}