{"id":268,"date":"2019-02-20T17:53:55","date_gmt":"2019-02-20T16:53:55","guid":{"rendered":"http:\/\/nord-vasculaire.fr\/?page_id=268"},"modified":"2019-05-02T21:45:22","modified_gmt":"2019-05-02T19:45:22","slug":"iode","status":"publish","type":"page","link":"https:\/\/nord-vasculaire.fr\/index.php\/examens\/iode\/","title":{"rendered":"L&rsquo;iode"},"content":{"rendered":"<h1><\/h1>\n<p>En imagerie m\u00e9dicale un <strong>produit (ou agent) de contraste<\/strong> permet de \u201ccolorer\u201d une structure anatomique naturellement peu ou pas contrast\u00e9e, afin de mieux la distinguer des tissus voisins.<\/p>\n<p>&nbsp;<\/p>\n<p>Les produits de contraste iod\u00e9s administr\u00e9s par voie intraveineuse peuvent provoquer un flush, (sensation transitoire de chaleur diffuse) ou des naus\u00e9es.<\/p>\n<p>Ils peuvent entra\u00eener une r\u00e9action allergique, b\u00e9nigne la plupart du temps, mais\u00a0 potentiellement grave. Ces r\u00e9actions sont rares (0,01 \u00e0 0,04\u00a0% de r\u00e9actions s\u00e9v\u00e8res).<\/p>\n<p>&nbsp;<\/p>\n<p>Chez les patients en insuffisance r\u00e9nale, l\u2019iode peut \u00eatre d\u00e9l\u00e9t\u00e8re pour le rein. La r\u00e9alisation d\u2019une prise de sang est donc n\u00e9cessaire avant l\u2019administration de d\u2019iode.<\/p>\n<p>&nbsp;<\/p>\n<p>Pour en savoir plus: <a href=\"http:\/\/www.sfrnet.org\/sfr\/grandpublic\/1-fiche-information-patients\/produits-de-contraste\/index.phtml\">recommandations de la soci\u00e9t\u00e9 fran\u00e7aise de radiologie<\/a><\/p>\n<p><a href=\"http:\/\/www.sfrnet.org\/Data\/upload\/documents\/Fiches%20infos%20patients\/2010%20fiche%20info%20patient%20PDC.pdf\" target=\"_blank\" rel=\"noopener noreferrer\">Fiche information patient<\/a><\/p>\n<p>&nbsp;<\/p>\n","protected":false},"excerpt":{"rendered":"<p>En imagerie m\u00e9dicale un produit (ou agent) de contraste permet de \u201ccolorer\u201d une structure anatomique naturellement peu ou pas contrast\u00e9e, afin de mieux la distinguer des tissus voisins. &nbsp; Les produits de contraste iod\u00e9s administr\u00e9s par voie intraveineuse peuvent provoquer un flush, (sensation transitoire de chaleur diffuse) ou des naus\u00e9es. Ils peuvent entra\u00eener une r\u00e9action &hellip; <\/p>\n<p class=\"link-more\"><a href=\"https:\/\/nord-vasculaire.fr\/index.php\/examens\/iode\/\" class=\"more-link\">Continuer la lecture<span class=\"screen-reader-text\"> de &laquo;&nbsp;L&rsquo;iode&nbsp;&raquo;<\/span><\/a><\/p>\n","protected":false},"author":1,"featured_media":0,"parent":240,"menu_order":0,"comment_status":"closed","ping_status":"closed","template":"","meta":{"_mi_skip_tracking":false},"jetpack_sharing_enabled":true,"jetpack_shortlink":"https:\/\/wp.me\/PaJ9uN-4k","_links":{"self":[{"href":"https:\/\/nord-vasculaire.fr\/index.php\/wp-json\/wp\/v2\/pages\/268"}],"collection":[{"href":"https:\/\/nord-vasculaire.fr\/index.php\/wp-json\/wp\/v2\/pages"}],"about":[{"href":"https:\/\/nord-vasculaire.fr\/index.php\/wp-json\/wp\/v2\/types\/page"}],"author":[{"embeddable":true,"href":"https:\/\/nord-vasculaire.fr\/index.php\/wp-json\/wp\/v2\/users\/1"}],"replies":[{"embeddable":true,"href":"https:\/\/nord-vasculaire.fr\/index.php\/wp-json\/wp\/v2\/comments?post=268"}],"version-history":[{"count":3,"href":"https:\/\/nord-vasculaire.fr\/index.php\/wp-json\/wp\/v2\/pages\/268\/revisions"}],"predecessor-version":[{"id":307,"href":"https:\/\/nord-vasculaire.fr\/index.php\/wp-json\/wp\/v2\/pages\/268\/revisions\/307"}],"up":[{"embeddable":true,"href":"https:\/\/nord-vasculaire.fr\/index.php\/wp-json\/wp\/v2\/pages\/240"}],"wp:attachment":[{"href":"https:\/\/nord-vasculaire.fr\/index.php\/wp-json\/wp\/v2\/media?parent=268"}],"curies":[{"name":"wp","href":"https:\/\/api.w.org\/{rel}","templated":true}]}}