{"id":248,"date":"2019-02-20T15:57:33","date_gmt":"2019-02-20T14:57:33","guid":{"rendered":"http:\/\/nord-vasculaire.fr\/?page_id=248"},"modified":"2019-05-06T20:30:20","modified_gmt":"2019-05-06T18:30:20","slug":"numeros-utiles","status":"publish","type":"page","link":"https:\/\/nord-vasculaire.fr\/index.php\/numeros-utiles\/","title":{"rendered":"Num\u00e9ros utiles"},"content":{"rendered":"<p><strong>Num\u00e9ros utiles<\/strong><\/p>\n<p>Liste des num\u00e9ros utiles pour vous ou vos proches :<\/p>\n<ul>\n<li>Consultation chirurgicale :\n<ul>\n<li>03 20 72 00 03<\/li>\n<\/ul>\n<\/li>\n<li>Consultation d&rsquo;anesth\u00e9sie :\n<ul>\n<li>0<span class=\"telephone\">3 20 99 56 73 <\/span><\/li>\n<\/ul>\n<\/li>\n<li>Pour joindre un patient dans sa chambre: il faut passer par le standard en charge des malades (<strong>le service ne peut pas transf\u00e9rer la communication dans les chambres)<\/strong>:\n<ul>\n<li><span class=\"tel\">03 20 99 41 41<\/span><\/li>\n<\/ul>\n<\/li>\n<\/ul>\n","protected":false},"excerpt":{"rendered":"<p>Num\u00e9ros utiles Liste des num\u00e9ros utiles pour vous ou vos proches : Consultation chirurgicale : 03 20 72 00 03 Consultation d&rsquo;anesth\u00e9sie : 03 20 99 56 73 Pour joindre un patient dans sa chambre: il faut passer par le standard en charge des malades (le service ne peut pas transf\u00e9rer la communication dans les &hellip; <\/p>\n<p class=\"link-more\"><a href=\"https:\/\/nord-vasculaire.fr\/index.php\/numeros-utiles\/\" class=\"more-link\">Continuer la lecture<span class=\"screen-reader-text\"> de &laquo;&nbsp;Num\u00e9ros utiles&nbsp;&raquo;<\/span><\/a><\/p>\n","protected":false},"author":1,"featured_media":539,"parent":0,"menu_order":0,"comment_status":"closed","ping_status":"closed","template":"","meta":{"_mi_skip_tracking":false},"jetpack_sharing_enabled":true,"jetpack_shortlink":"https:\/\/wp.me\/PaJ9uN-40","_links":{"self":[{"href":"https:\/\/nord-vasculaire.fr\/index.php\/wp-json\/wp\/v2\/pages\/248"}],"collection":[{"href":"https:\/\/nord-vasculaire.fr\/index.php\/wp-json\/wp\/v2\/pages"}],"about":[{"href":"https:\/\/nord-vasculaire.fr\/index.php\/wp-json\/wp\/v2\/types\/page"}],"author":[{"embeddable":true,"href":"https:\/\/nord-vasculaire.fr\/index.php\/wp-json\/wp\/v2\/users\/1"}],"replies":[{"embeddable":true,"href":"https:\/\/nord-vasculaire.fr\/index.php\/wp-json\/wp\/v2\/comments?post=248"}],"version-history":[{"count":5,"href":"https:\/\/nord-vasculaire.fr\/index.php\/wp-json\/wp\/v2\/pages\/248\/revisions"}],"predecessor-version":[{"id":614,"href":"https:\/\/nord-vasculaire.fr\/index.php\/wp-json\/wp\/v2\/pages\/248\/revisions\/614"}],"wp:featuredmedia":[{"embeddable":true,"href":"https:\/\/nord-vasculaire.fr\/index.php\/wp-json\/wp\/v2\/media\/539"}],"wp:attachment":[{"href":"https:\/\/nord-vasculaire.fr\/index.php\/wp-json\/wp\/v2\/media?parent=248"}],"curies":[{"name":"wp","href":"https:\/\/api.w.org\/{rel}","templated":true}]}}