{"id":242,"date":"2019-02-20T15:52:52","date_gmt":"2019-02-20T14:52:52","guid":{"rendered":"http:\/\/nord-vasculaire.fr\/?page_id=242"},"modified":"2019-04-30T16:55:21","modified_gmt":"2019-04-30T14:55:21","slug":"pathologies","status":"publish","type":"page","link":"https:\/\/nord-vasculaire.fr\/index.php\/pathologies\/","title":{"rendered":"Les Pathologies"},"content":{"rendered":"<p>&nbsp;<\/p>\n<p>Le service est sp\u00e9cialis\u00e9 dans la pathologie art\u00e9rielle lourde. Depuis peu, la clinique est \u00e9quip\u00e9 d&rsquo;une salle hybride (salle de radiologie interventionelle avec un environnement chirurgical) permettant de traiter des pathologies extr\u00eamement complexes avec les derni\u00e8res avanc\u00e9es th\u00e9rapeutiques et technologiques.<\/p>\n<p>Types de pathologies prises en charge dans le service:<\/p>\n<ul>\n<li><a href=\"http:\/\/www.vasculaire.com\/fr\/Maladies\/Anevrisme-de-l-Aorte-Abdominale\" target=\"_blank\" rel=\"noopener noreferrer\">Les an\u00e9vrismes de l&rsquo;aorte abdominale sous r\u00e9nale<\/a><\/li>\n<li><a href=\"http:\/\/www.vasculaire.com\/fr\/Maladies\/Stenose-Carotidienne\/Qu-est-ce-qu-une-stenose-carotidienne\" target=\"_blank\" rel=\"noopener noreferrer\">La chirurgie carotidienne<\/a><\/li>\n<li><a href=\"http:\/\/www.vasculaire.com\/fr\/Maladies\/Anevrismes-Aortiques-Thoraco-Abdominaux\/I-Qu-est-ce-qu-un-anevrisme-de-l-aorte-thoraco-abdominale\" target=\"_blank\" rel=\"noopener noreferrer\">Les an\u00e9vrismes thoraco-abdominaux<\/a><\/li>\n<li><a href=\"http:\/\/www.vasculaire.com\/fr\/Maladies\/Les-Anevrisme-de-l-Aorte-Thoracique\/I-Ou-se-situe-l-aorte-thoracique\" target=\"_blank\" rel=\"noopener noreferrer\">Les an\u00e9vrismes de l&rsquo;aorte thoracique<\/a><\/li>\n<li><a href=\"http:\/\/www.vasculaire.com\/fr\/Maladies\/L-Arterite-ou-Arteriopathie-Obstructive-des-Membres-Inferieurs\/I-Qu-est-ce-que-l-arterite-AOMI\" target=\"_blank\" rel=\"noopener noreferrer\">L&rsquo;art\u00e9rite des membres inf\u00e9rieurs<\/a><\/li>\n<li><a href=\"http:\/\/nord-vasculaire.fr\/index.php\/varices\/\">L&rsquo;insuffisance veineuse (varices)<\/a><\/li>\n<\/ul>\n<p>&nbsp;<\/p>\n","protected":false},"excerpt":{"rendered":"<p>&nbsp; Le service est sp\u00e9cialis\u00e9 dans la pathologie art\u00e9rielle lourde. Depuis peu, la clinique est \u00e9quip\u00e9 d&rsquo;une salle hybride (salle de radiologie interventionelle avec un environnement chirurgical) permettant de traiter des pathologies extr\u00eamement complexes avec les derni\u00e8res avanc\u00e9es th\u00e9rapeutiques et technologiques. Types de pathologies prises en charge dans le service: Les an\u00e9vrismes de l&rsquo;aorte abdominale &hellip; <\/p>\n<p class=\"link-more\"><a href=\"https:\/\/nord-vasculaire.fr\/index.php\/pathologies\/\" class=\"more-link\">Continuer la lecture<span class=\"screen-reader-text\"> de &laquo;&nbsp;Les Pathologies&nbsp;&raquo;<\/span><\/a><\/p>\n","protected":false},"author":1,"featured_media":460,"parent":0,"menu_order":0,"comment_status":"closed","ping_status":"closed","template":"","meta":{"_mi_skip_tracking":false},"jetpack_sharing_enabled":true,"jetpack_shortlink":"https:\/\/wp.me\/PaJ9uN-3U","_links":{"self":[{"href":"https:\/\/nord-vasculaire.fr\/index.php\/wp-json\/wp\/v2\/pages\/242"}],"collection":[{"href":"https:\/\/nord-vasculaire.fr\/index.php\/wp-json\/wp\/v2\/pages"}],"about":[{"href":"https:\/\/nord-vasculaire.fr\/index.php\/wp-json\/wp\/v2\/types\/page"}],"author":[{"embeddable":true,"href":"https:\/\/nord-vasculaire.fr\/index.php\/wp-json\/wp\/v2\/users\/1"}],"replies":[{"embeddable":true,"href":"https:\/\/nord-vasculaire.fr\/index.php\/wp-json\/wp\/v2\/comments?post=242"}],"version-history":[{"count":5,"href":"https:\/\/nord-vasculaire.fr\/index.php\/wp-json\/wp\/v2\/pages\/242\/revisions"}],"predecessor-version":[{"id":506,"href":"https:\/\/nord-vasculaire.fr\/index.php\/wp-json\/wp\/v2\/pages\/242\/revisions\/506"}],"wp:featuredmedia":[{"embeddable":true,"href":"https:\/\/nord-vasculaire.fr\/index.php\/wp-json\/wp\/v2\/media\/460"}],"wp:attachment":[{"href":"https:\/\/nord-vasculaire.fr\/index.php\/wp-json\/wp\/v2\/media?parent=242"}],"curies":[{"name":"wp","href":"https:\/\/api.w.org\/{rel}","templated":true}]}}