{"id":240,"date":"2019-02-20T15:52:05","date_gmt":"2019-02-20T14:52:05","guid":{"rendered":"http:\/\/nord-vasculaire.fr\/?page_id=240"},"modified":"2019-04-30T16:56:50","modified_gmt":"2019-04-30T14:56:50","slug":"examens","status":"publish","type":"page","link":"https:\/\/nord-vasculaire.fr\/index.php\/examens\/","title":{"rendered":"Les Examens"},"content":{"rendered":"<p>&nbsp;<\/p>\n<p>Le chirurgien sera ammen\u00e9 \u00e0 vous pr\u00e9scrire un certain nombre d&rsquo;examens compl\u00e9mentaires \u00e0 vis\u00e9e diagnostique ou th\u00e9rapeutiques:<\/p>\n<ul>\n<li><a href=\"http:\/\/nord-vasculaire.fr\/index.php\/scanner\/\">Un scanner<\/a><\/li>\n<li><a href=\"http:\/\/nord-vasculaire.fr\/index.php\/arteriographie\/\">Une art\u00e9riographie<\/a><\/li>\n<li><a href=\"http:\/\/nord-vasculaire.fr\/index.php\/echographie\/\">Une echographie-doppler<\/a><\/li>\n<li>Une prise de sang<\/li>\n<li>&#8230;<\/li>\n<\/ul>\n<p>De la m\u00eame mani\u00e8re, l&rsquo;anesth\u00e9siste ou le chirurgien vous demandera peut \u00eatre des examens en pr\u00e9vision de la chirurgie et de l&rsquo;an\u00e9sth\u00e9sie. Ces examens sont \u00e0 but th\u00e9rapeutiques.<\/p>\n<ul>\n<li>Bilan cardiologique<\/li>\n<li>Bilan respiratoire<\/li>\n<li>&#8230;<\/li>\n<\/ul>\n","protected":false},"excerpt":{"rendered":"<p>&nbsp; Le chirurgien sera ammen\u00e9 \u00e0 vous pr\u00e9scrire un certain nombre d&rsquo;examens compl\u00e9mentaires \u00e0 vis\u00e9e diagnostique ou th\u00e9rapeutiques: Un scanner Une art\u00e9riographie Une echographie-doppler Une prise de sang &#8230; De la m\u00eame mani\u00e8re, l&rsquo;anesth\u00e9siste ou le chirurgien vous demandera peut \u00eatre des examens en pr\u00e9vision de la chirurgie et de l&rsquo;an\u00e9sth\u00e9sie. Ces examens sont \u00e0 &hellip; <\/p>\n<p class=\"link-more\"><a href=\"https:\/\/nord-vasculaire.fr\/index.php\/examens\/\" class=\"more-link\">Continuer la lecture<span class=\"screen-reader-text\"> de &laquo;&nbsp;Les Examens&nbsp;&raquo;<\/span><\/a><\/p>\n","protected":false},"author":1,"featured_media":540,"parent":0,"menu_order":0,"comment_status":"closed","ping_status":"closed","template":"","meta":{"_mi_skip_tracking":false},"jetpack_sharing_enabled":true,"jetpack_shortlink":"https:\/\/wp.me\/PaJ9uN-3S","_links":{"self":[{"href":"https:\/\/nord-vasculaire.fr\/index.php\/wp-json\/wp\/v2\/pages\/240"}],"collection":[{"href":"https:\/\/nord-vasculaire.fr\/index.php\/wp-json\/wp\/v2\/pages"}],"about":[{"href":"https:\/\/nord-vasculaire.fr\/index.php\/wp-json\/wp\/v2\/types\/page"}],"author":[{"embeddable":true,"href":"https:\/\/nord-vasculaire.fr\/index.php\/wp-json\/wp\/v2\/users\/1"}],"replies":[{"embeddable":true,"href":"https:\/\/nord-vasculaire.fr\/index.php\/wp-json\/wp\/v2\/comments?post=240"}],"version-history":[{"count":4,"href":"https:\/\/nord-vasculaire.fr\/index.php\/wp-json\/wp\/v2\/pages\/240\/revisions"}],"predecessor-version":[{"id":459,"href":"https:\/\/nord-vasculaire.fr\/index.php\/wp-json\/wp\/v2\/pages\/240\/revisions\/459"}],"wp:featuredmedia":[{"embeddable":true,"href":"https:\/\/nord-vasculaire.fr\/index.php\/wp-json\/wp\/v2\/media\/540"}],"wp:attachment":[{"href":"https:\/\/nord-vasculaire.fr\/index.php\/wp-json\/wp\/v2\/media?parent=240"}],"curies":[{"name":"wp","href":"https:\/\/api.w.org\/{rel}","templated":true}]}}