{"id":114,"date":"2019-01-23T07:13:08","date_gmt":"2019-01-23T07:13:08","guid":{"rendered":"http:\/\/demo.sparklewpthemes.com\/medicalheed\/?page_id=114"},"modified":"2022-09-10T12:44:43","modified_gmt":"2022-09-10T10:44:43","slug":"equipe","status":"publish","type":"page","link":"https:\/\/nord-vasculaire.fr\/index.php\/equipe\/","title":{"rendered":"L&rsquo;\u00e9quipe"},"content":{"rendered":"\t\t<div data-elementor-type=\"wp-post\" data-elementor-id=\"114\" class=\"elementor elementor-114 elementor-bc-flex-widget\">\n\t\t\t\t\t\t\t\t\t<section class=\"elementor-section elementor-top-section elementor-element elementor-element-13a52c7 elementor-section-boxed elementor-section-height-default elementor-section-height-default\" data-id=\"13a52c7\" data-element_type=\"section\">\n\t\t\t\t\t\t<div class=\"elementor-container elementor-column-gap-default\">\n\t\t\t\t\t<div class=\"elementor-column elementor-col-100 elementor-top-column elementor-element elementor-element-aa77f4b\" data-id=\"aa77f4b\" data-element_type=\"column\">\n\t\t\t<div class=\"elementor-widget-wrap elementor-element-populated\">\n\t\t\t\t\t\t\t\t<div class=\"elementor-element elementor-element-c05820f elementor-widget elementor-widget-text-editor\" data-id=\"c05820f\" data-element_type=\"widget\" data-widget_type=\"text-editor.default\">\n\t\t\t\t<div class=\"elementor-widget-container\">\n\t\t\t<style>\/*! elementor - v3.7.4 - 31-08-2022 *\/\n.elementor-widget-text-editor.elementor-drop-cap-view-stacked .elementor-drop-cap{background-color:#818a91;color:#fff}.elementor-widget-text-editor.elementor-drop-cap-view-framed .elementor-drop-cap{color:#818a91;border:3px solid;background-color:transparent}.elementor-widget-text-editor:not(.elementor-drop-cap-view-default) .elementor-drop-cap{margin-top:8px}.elementor-widget-text-editor:not(.elementor-drop-cap-view-default) .elementor-drop-cap-letter{width:1em;height:1em}.elementor-widget-text-editor .elementor-drop-cap{float:left;text-align:center;line-height:1;font-size:50px}.elementor-widget-text-editor .elementor-drop-cap-letter{display:inline-block}<\/style>\t\t\t\t<h5 class=\"description\" style=\"text-align: center;\">Les chirurgiens vasculaire assurent les interventions portant sur les art\u00e8res et les veines. La chirurgie vasculaire traite les affections des gros, moyens et petits vaisseaux par chirurgie ouverte ou par technique endo-vasculaire.<\/h5>\t\t\t\t\t\t<\/div>\n\t\t\t\t<\/div>\n\t\t\t\t<div class=\"elementor-element elementor-element-64dc26f elementor-widget elementor-widget-spacer\" data-id=\"64dc26f\" data-element_type=\"widget\" data-widget_type=\"spacer.default\">\n\t\t\t\t<div class=\"elementor-widget-container\">\n\t\t\t<style>\/*! elementor - v3.7.4 - 31-08-2022 *\/\n.elementor-column .elementor-spacer-inner{height:var(--spacer-size)}.e-container{--container-widget-width:100%}.e-container>.elementor-widget-spacer{width:var(--container-widget-width,var(--spacer-size));-ms-flex-item-align:stretch;align-self:stretch;-ms-flex-negative:0;flex-shrink:0}.e-container>.elementor-widget-spacer>.elementor-widget-container,.e-container>.elementor-widget-spacer>.elementor-widget-container>.elementor-spacer{height:100%}.e-container>.elementor-widget-spacer>.elementor-widget-container>.elementor-spacer>.elementor-spacer-inner{height:var(--container-widget-height,var(--spacer-size))}<\/style>\t\t<div class=\"elementor-spacer\">\n\t\t\t<div class=\"elementor-spacer-inner\"><\/div>\n\t\t<\/div>\n\t\t\t\t<\/div>\n\t\t\t\t<\/div>\n\t\t\t\t\t<\/div>\n\t\t<\/div>\n\t\t\t\t\t\t\t<\/div>\n\t\t<\/section>\n\t\t\t\t<section class=\"elementor-section elementor-top-section elementor-element elementor-element-36d9fa2 elementor-section-stretched elementor-section-full_width elementor-section-height-default elementor-section-height-default\" data-id=\"36d9fa2\" data-element_type=\"section\" data-settings=\"{&quot;stretch_section&quot;:&quot;section-stretched&quot;}\">\n\t\t\t\t\t\t<div class=\"elementor-container elementor-column-gap-default\">\n\t\t\t\t\t<div class=\"elementor-column elementor-col-50 elementor-top-column elementor-element elementor-element-47bc9b2\" data-id=\"47bc9b2\" data-element_type=\"column\">\n\t\t\t<div class=\"elementor-widget-wrap elementor-element-populated\">\n\t\t\t\t\t\t\t\t<div class=\"elementor-element elementor-element-60296a9 elementor-position-top elementor-vertical-align-top elementor-widget elementor-widget-image-box\" data-id=\"60296a9\" data-element_type=\"widget\" data-widget_type=\"image-box.default\">\n\t\t\t\t<div class=\"elementor-widget-container\">\n\t\t\t<style>\/*! elementor - v3.7.4 - 31-08-2022 *\/\n.elementor-widget-image-box .elementor-image-box-content{width:100%}@media (min-width:768px){.elementor-widget-image-box.elementor-position-left .elementor-image-box-wrapper,.elementor-widget-image-box.elementor-position-right .elementor-image-box-wrapper{display:-webkit-box;display:-ms-flexbox;display:flex}.elementor-widget-image-box.elementor-position-right .elementor-image-box-wrapper{text-align:right;-webkit-box-orient:horizontal;-webkit-box-direction:reverse;-ms-flex-direction:row-reverse;flex-direction:row-reverse}.elementor-widget-image-box.elementor-position-left .elementor-image-box-wrapper{text-align:left;-webkit-box-orient:horizontal;-webkit-box-direction:normal;-ms-flex-direction:row;flex-direction:row}.elementor-widget-image-box.elementor-position-top .elementor-image-box-img{margin:auto}.elementor-widget-image-box.elementor-vertical-align-top .elementor-image-box-wrapper{-webkit-box-align:start;-ms-flex-align:start;align-items:flex-start}.elementor-widget-image-box.elementor-vertical-align-middle .elementor-image-box-wrapper{-webkit-box-align:center;-ms-flex-align:center;align-items:center}.elementor-widget-image-box.elementor-vertical-align-bottom .elementor-image-box-wrapper{-webkit-box-align:end;-ms-flex-align:end;align-items:flex-end}}@media (max-width:767px){.elementor-widget-image-box .elementor-image-box-img{margin-left:auto!important;margin-right:auto!important;margin-bottom:15px}}.elementor-widget-image-box .elementor-image-box-img{display:inline-block}.elementor-widget-image-box .elementor-image-box-title a{color:inherit}.elementor-widget-image-box .elementor-image-box-wrapper{text-align:center}.elementor-widget-image-box .elementor-image-box-description{margin:0}<\/style><div class=\"elementor-image-box-wrapper\"><figure class=\"elementor-image-box-img\"><img width=\"2336\" height=\"2336\" src=\"https:\/\/nord-vasculaire.fr\/wp-content\/uploads\/2019\/03\/vasseur1-carre.png\" class=\"attachment-full size-full\" alt=\"\" loading=\"lazy\" \/><\/figure><div class=\"elementor-image-box-content\"><h4 class=\"elementor-image-box-title\">Dr Marc-Antoine VASSEUR, MD<\/h4><p class=\"elementor-image-box-description\">Le Dr. Vasseur exerce dans la r\u00e9gion Lilloise depuis plus de 20ans. Pionnier de la chirurgie endovasculaire dans le Nord-pas-de-Calais, il est sp\u00e9cialis\u00e9 dans la prise en charge de la pathologie art\u00e9rielle par voie endovasculaire ou en chirurgie ouverte.<br><br> <br>Chirurgie aortique\n<br>\nChirurgie veineuse\n<br>\nChirurgie des art\u00e8res\n<br>\nChirurgie carotidienne<br><\/p><\/div><\/div>\t\t<\/div>\n\t\t\t\t<\/div>\n\t\t\t\t<div class=\"elementor-element elementor-element-5a50f1f elementor-widget elementor-widget-text-editor\" data-id=\"5a50f1f\" data-element_type=\"widget\" data-widget_type=\"text-editor.default\">\n\t\t\t\t<div class=\"elementor-widget-container\">\n\t\t\t\t\t\t\t<p>Consultations le Lundi et Vendredi \u00e0 Roubaix<\/p>\t\t\t\t\t\t<\/div>\n\t\t\t\t<\/div>\n\t\t\t\t<div class=\"elementor-element elementor-element-1c0f85b elementor-widget elementor-widget-text-editor\" data-id=\"1c0f85b\" data-element_type=\"widget\" data-widget_type=\"text-editor.default\">\n\t\t\t\t<div class=\"elementor-widget-container\">\n\t\t\t\t\t\t\t<p style=\"text-align: center;\"><a href=\"http:\/\/nord-vasculaire.fr\/index.php\/contact\/\">Prendre rendez-vous<\/a><\/p>\t\t\t\t\t\t<\/div>\n\t\t\t\t<\/div>\n\t\t\t\t\t<\/div>\n\t\t<\/div>\n\t\t\t\t<div class=\"elementor-column elementor-col-50 elementor-top-column elementor-element elementor-element-3b16448\" data-id=\"3b16448\" data-element_type=\"column\">\n\t\t\t<div class=\"elementor-widget-wrap elementor-element-populated\">\n\t\t\t\t\t\t\t\t<div class=\"elementor-element elementor-element-4af4403 elementor-position-top elementor-vertical-align-top elementor-widget elementor-widget-image-box\" data-id=\"4af4403\" data-element_type=\"widget\" data-widget_type=\"image-box.default\">\n\t\t\t\t<div class=\"elementor-widget-container\">\n\t\t\t<div class=\"elementor-image-box-wrapper\"><figure class=\"elementor-image-box-img\"><img width=\"1000\" height=\"1000\" src=\"https:\/\/nord-vasculaire.fr\/wp-content\/uploads\/2019\/03\/rouer-carre-zoom.png\" class=\"attachment-full size-full\" alt=\"\" loading=\"lazy\" \/><\/figure><div class=\"elementor-image-box-content\"><h4 class=\"elementor-image-box-title\">Dr Martin ROUER, MD, PhD<\/h4><p class=\"elementor-image-box-description\">Le Dr. Rouer a fait ses \u00e9tudes de m\u00e9decine \u00e0 Lille, avant de poursuivre son cursus \u00e0 Paris, Standford (San Francisco, USA) et Rouen. Il est sp\u00e9cialis\u00e9 dans la prise en charge des pathologies veineuses et art\u00e9rielles, par voie endovasculaire ou en chirurgie ouverte.<br><br>Chirurgie aortique\n<br>\nChirurgie veineuse\n<br>\nChirurgie des art\u00e8res\n<br>\nChirurgie carotidienne<br><\/p><\/div><\/div>\t\t<\/div>\n\t\t\t\t<\/div>\n\t\t\t\t<div class=\"elementor-element elementor-element-d6e2d9f elementor-widget elementor-widget-text-editor\" data-id=\"d6e2d9f\" data-element_type=\"widget\" data-widget_type=\"text-editor.default\">\n\t\t\t\t<div class=\"elementor-widget-container\">\n\t\t\t\t\t\t\t<p>Consultations le Mardi \u00e0 Tourcoing et le Mercredi \u00e0 Roubaix<\/p>\t\t\t\t\t\t<\/div>\n\t\t\t\t<\/div>\n\t\t\t\t<div class=\"elementor-element elementor-element-137be8b elementor-widget elementor-widget-text-editor\" data-id=\"137be8b\" data-element_type=\"widget\" data-widget_type=\"text-editor.default\">\n\t\t\t\t<div class=\"elementor-widget-container\">\n\t\t\t\t\t\t\t<p style=\"text-align: center;\"><a href=\"http:\/\/nord-vasculaire.fr\/index.php\/contact\/\">Prendre rendez-vous<\/a><\/p>\t\t\t\t\t\t<\/div>\n\t\t\t\t<\/div>\n\t\t\t\t\t<\/div>\n\t\t<\/div>\n\t\t\t\t\t\t\t<\/div>\n\t\t<\/section>\n\t\t\t\t<section class=\"elementor-section elementor-top-section elementor-element elementor-element-c25cf72 elementor-section-boxed elementor-section-height-default elementor-section-height-default\" data-id=\"c25cf72\" data-element_type=\"section\">\n\t\t\t\t\t\t<div class=\"elementor-container elementor-column-gap-default\">\n\t\t\t\t\t<div class=\"elementor-column elementor-col-100 elementor-top-column elementor-element elementor-element-747ecc0\" data-id=\"747ecc0\" data-element_type=\"column\">\n\t\t\t<div class=\"elementor-widget-wrap elementor-element-populated\">\n\t\t\t\t\t\t\t\t<div class=\"elementor-element elementor-element-4752d7c elementor-widget elementor-widget-text-editor\" data-id=\"4752d7c\" data-element_type=\"widget\" data-widget_type=\"text-editor.default\">\n\t\t\t\t<div class=\"elementor-widget-container\">\n\t\t\t\t\t\t\t<p style=\"text-align: center;\">Une \u00e9quipe exp\u00e9riment\u00e9e d&rsquo;aides op\u00e9ratoires assistent les chirurgiens pour toutes les interventions. Vous les rencontrerez le jour de l&rsquo;intervention.<\/p>\t\t\t\t\t\t<\/div>\n\t\t\t\t<\/div>\n\t\t\t\t\t<\/div>\n\t\t<\/div>\n\t\t\t\t\t\t\t<\/div>\n\t\t<\/section>\n\t\t\t\t<section class=\"elementor-section elementor-top-section elementor-element elementor-element-107bdb1 elementor-section-boxed elementor-section-height-default elementor-section-height-default\" data-id=\"107bdb1\" data-element_type=\"section\">\n\t\t\t\t\t\t<div class=\"elementor-container elementor-column-gap-default\">\n\t\t\t\t\t<div class=\"elementor-column elementor-col-33 elementor-top-column elementor-element elementor-element-4660a01\" data-id=\"4660a01\" data-element_type=\"column\">\n\t\t\t<div class=\"elementor-widget-wrap elementor-element-populated\">\n\t\t\t\t\t\t\t\t<div class=\"elementor-element elementor-element-be75b5e elementor-position-top elementor-vertical-align-top elementor-widget elementor-widget-image-box\" data-id=\"be75b5e\" data-element_type=\"widget\" data-widget_type=\"image-box.default\">\n\t\t\t\t<div class=\"elementor-widget-container\">\n\t\t\t<div class=\"elementor-image-box-wrapper\"><figure class=\"elementor-image-box-img\"><img width=\"300\" height=\"200\" src=\"https:\/\/nord-vasculaire.fr\/wp-content\/uploads\/2019\/04\/DSC_0190-300x200.jpg\" class=\"attachment-medium size-medium\" alt=\"\" loading=\"lazy\" \/><\/figure><div class=\"elementor-image-box-content\"><h3 class=\"elementor-image-box-title\">Charles<\/h3><p class=\"elementor-image-box-description\">Aide op\u00e9ratoire<\/p><\/div><\/div>\t\t<\/div>\n\t\t\t\t<\/div>\n\t\t\t\t\t<\/div>\n\t\t<\/div>\n\t\t\t\t<div class=\"elementor-column elementor-col-33 elementor-top-column elementor-element elementor-element-0932155\" data-id=\"0932155\" data-element_type=\"column\">\n\t\t\t<div class=\"elementor-widget-wrap elementor-element-populated\">\n\t\t\t\t\t\t\t\t<div class=\"elementor-element elementor-element-1327a81 elementor-position-top elementor-vertical-align-top elementor-widget elementor-widget-image-box\" data-id=\"1327a81\" data-element_type=\"widget\" data-widget_type=\"image-box.default\">\n\t\t\t\t<div class=\"elementor-widget-container\">\n\t\t\t<div class=\"elementor-image-box-wrapper\"><figure class=\"elementor-image-box-img\"><img width=\"6000\" height=\"4000\" src=\"https:\/\/nord-vasculaire.fr\/wp-content\/uploads\/2019\/04\/DSC_0194.jpg\" class=\"attachment-full size-full\" alt=\"\" loading=\"lazy\" \/><\/figure><div class=\"elementor-image-box-content\"><h3 class=\"elementor-image-box-title\">Francisco<\/h3><p class=\"elementor-image-box-description\">Aide Op\u00e9ratoire<\/p><\/div><\/div>\t\t<\/div>\n\t\t\t\t<\/div>\n\t\t\t\t\t<\/div>\n\t\t<\/div>\n\t\t\t\t<div class=\"elementor-column elementor-col-33 elementor-top-column elementor-element elementor-element-cac5c61\" data-id=\"cac5c61\" data-element_type=\"column\">\n\t\t\t<div class=\"elementor-widget-wrap elementor-element-populated\">\n\t\t\t\t\t\t\t\t<div class=\"elementor-element elementor-element-6fb44d7 elementor-position-top elementor-vertical-align-top elementor-widget elementor-widget-image-box\" data-id=\"6fb44d7\" data-element_type=\"widget\" data-widget_type=\"image-box.default\">\n\t\t\t\t<div class=\"elementor-widget-container\">\n\t\t\t<div class=\"elementor-image-box-wrapper\"><figure class=\"elementor-image-box-img\"><img src=\"https:\/\/nord-vasculaire.fr\/wp-content\/uploads\/2019\/04\/DSC_0001-e1556658449907.jpg\" title=\"DSC_0001\" alt=\"DSC_0001\" \/><\/figure><div class=\"elementor-image-box-content\"><h3 class=\"elementor-image-box-title\">Thomas<\/h3><p class=\"elementor-image-box-description\">Aide Op\u00e9ratoire<\/p><\/div><\/div>\t\t<\/div>\n\t\t\t\t<\/div>\n\t\t\t\t\t<\/div>\n\t\t<\/div>\n\t\t\t\t\t\t\t<\/div>\n\t\t<\/section>\n\t\t\t\t\t\t\t<\/div>\n\t\t","protected":false},"excerpt":{"rendered":"<p>Les chirurgiens vasculaire assurent les interventions portant sur les art\u00e8res et les veines. La chirurgie vasculaire traite les affections des gros, moyens et petits vaisseaux par chirurgie ouverte ou par technique endo-vasculaire. Dr Marc-Antoine VASSEUR, MD Le Dr. Vasseur exerce dans la r\u00e9gion Lilloise depuis plus de 20ans. Pionnier de la chirurgie endovasculaire dans le &hellip; <\/p>\n<p class=\"link-more\"><a href=\"https:\/\/nord-vasculaire.fr\/index.php\/equipe\/\" class=\"more-link\">Continuer la lecture<span class=\"screen-reader-text\"> de &laquo;&nbsp;L&rsquo;\u00e9quipe&nbsp;&raquo;<\/span><\/a><\/p>\n","protected":false},"author":1,"featured_media":473,"parent":0,"menu_order":0,"comment_status":"closed","ping_status":"closed","template":"","meta":{"_mi_skip_tracking":false},"jetpack_sharing_enabled":true,"jetpack_shortlink":"https:\/\/wp.me\/PaJ9uN-1Q","_links":{"self":[{"href":"https:\/\/nord-vasculaire.fr\/index.php\/wp-json\/wp\/v2\/pages\/114"}],"collection":[{"href":"https:\/\/nord-vasculaire.fr\/index.php\/wp-json\/wp\/v2\/pages"}],"about":[{"href":"https:\/\/nord-vasculaire.fr\/index.php\/wp-json\/wp\/v2\/types\/page"}],"author":[{"embeddable":true,"href":"https:\/\/nord-vasculaire.fr\/index.php\/wp-json\/wp\/v2\/users\/1"}],"replies":[{"embeddable":true,"href":"https:\/\/nord-vasculaire.fr\/index.php\/wp-json\/wp\/v2\/comments?post=114"}],"version-history":[{"count":30,"href":"https:\/\/nord-vasculaire.fr\/index.php\/wp-json\/wp\/v2\/pages\/114\/revisions"}],"predecessor-version":[{"id":729,"href":"https:\/\/nord-vasculaire.fr\/index.php\/wp-json\/wp\/v2\/pages\/114\/revisions\/729"}],"wp:featuredmedia":[{"embeddable":true,"href":"https:\/\/nord-vasculaire.fr\/index.php\/wp-json\/wp\/v2\/media\/473"}],"wp:attachment":[{"href":"https:\/\/nord-vasculaire.fr\/index.php\/wp-json\/wp\/v2\/media?parent=114"}],"curies":[{"name":"wp","href":"https:\/\/api.w.org\/{rel}","templated":true}]}}