{"id":270,"date":"2019-02-20T17:54:49","date_gmt":"2019-02-20T16:54:49","guid":{"rendered":"http:\/\/nord-vasculaire.fr\/?page_id=270"},"modified":"2019-05-02T21:45:38","modified_gmt":"2019-05-02T19:45:38","slug":"scanner","status":"publish","type":"page","link":"http:\/\/nord-vasculaire.fr\/index.php\/examens\/scanner\/","title":{"rendered":"Le Scanner"},"content":{"rendered":"<p>&nbsp;<\/p>\n<p>Le Scanner inject\u00e9 (ou angioscanner) est un examen qui permet la visualisation des vaisseaux sanguins (veines ou art\u00e8res) \u00e0 l&rsquo;aide de rayons X (comme pour une radiographie standard).<\/p>\n<p>Il est dis non invasif: c&rsquo;est \u00e0 dire que c&rsquo;est un examen m\u00e9dical ne n\u00e9cessitant aucune effraction de la peau autre que pour injecter un produit de contraste.<\/p>\n<p>Cet examen ne n\u00e9cessite pas d&rsquo;hospitalisation la plupart du temps.<br \/>\nL\u2019acquisition des images permet des reconstructions en 3 dimensions. L\u2019acquisition par volume permettant une \u00e9tude plus pr\u00e9cise des \u00e9l\u00e9ments anatomiques et pathologiques.<\/p>\n<p>Ces seules contre-indications sont l\u2019insuffisance r\u00e9nale s\u00e9v\u00e8re, et l\u2019allergie \u00e0 l\u2019<a href=\"http:\/\/nord-vasculaire.fr\/index.php\/iode\/\">iode<\/a>.<\/p>\n","protected":false},"excerpt":{"rendered":"<p>&nbsp; Le Scanner inject\u00e9 (ou angioscanner) est un examen qui permet la visualisation des vaisseaux sanguins (veines ou art\u00e8res) \u00e0 l&rsquo;aide de rayons X (comme pour une radiographie standard). Il est dis non invasif: c&rsquo;est \u00e0 dire que c&rsquo;est un examen m\u00e9dical ne n\u00e9cessitant aucune effraction de la peau autre que pour injecter un produit &hellip; <\/p>\n<p class=\"link-more\"><a href=\"http:\/\/nord-vasculaire.fr\/index.php\/examens\/scanner\/\" class=\"more-link\">Continuer la lecture<span class=\"screen-reader-text\"> de &laquo;&nbsp;Le Scanner&nbsp;&raquo;<\/span><\/a><\/p>\n","protected":false},"author":1,"featured_media":0,"parent":240,"menu_order":0,"comment_status":"closed","ping_status":"closed","template":"","meta":{"_mi_skip_tracking":false},"jetpack_sharing_enabled":true,"jetpack_shortlink":"https:\/\/wp.me\/PaJ9uN-4m","_links":{"self":[{"href":"http:\/\/nord-vasculaire.fr\/index.php\/wp-json\/wp\/v2\/pages\/270"}],"collection":[{"href":"http:\/\/nord-vasculaire.fr\/index.php\/wp-json\/wp\/v2\/pages"}],"about":[{"href":"http:\/\/nord-vasculaire.fr\/index.php\/wp-json\/wp\/v2\/types\/page"}],"author":[{"embeddable":true,"href":"http:\/\/nord-vasculaire.fr\/index.php\/wp-json\/wp\/v2\/users\/1"}],"replies":[{"embeddable":true,"href":"http:\/\/nord-vasculaire.fr\/index.php\/wp-json\/wp\/v2\/comments?post=270"}],"version-history":[{"count":3,"href":"http:\/\/nord-vasculaire.fr\/index.php\/wp-json\/wp\/v2\/pages\/270\/revisions"}],"predecessor-version":[{"id":463,"href":"http:\/\/nord-vasculaire.fr\/index.php\/wp-json\/wp\/v2\/pages\/270\/revisions\/463"}],"up":[{"embeddable":true,"href":"http:\/\/nord-vasculaire.fr\/index.php\/wp-json\/wp\/v2\/pages\/240"}],"wp:attachment":[{"href":"http:\/\/nord-vasculaire.fr\/index.php\/wp-json\/wp\/v2\/media?parent=270"}],"curies":[{"name":"wp","href":"https:\/\/api.w.org\/{rel}","templated":true}]}}