{"id":266,"date":"2019-02-20T17:53:28","date_gmt":"2019-02-20T16:53:28","guid":{"rendered":"http:\/\/nord-vasculaire.fr\/?page_id=266"},"modified":"2019-05-02T21:45:01","modified_gmt":"2019-05-02T19:45:01","slug":"arteriographie","status":"publish","type":"page","link":"http:\/\/nord-vasculaire.fr\/index.php\/examens\/arteriographie\/","title":{"rendered":"L&rsquo;art\u00e9riographie"},"content":{"rendered":"<p>&nbsp;<\/p>\n<p>L\u2019art\u00e9riographie (ou angiographie) utilise des rayons X (comme la radiographie) coupl\u00e9 \u00e0 l\u2019injection d\u2019un produit de contraste opaque aux rayons X (produit de contraste iod\u00e9).<br \/>\nL\u2019injection du produit de contraste permet de cartographier les vaisseaux, et en particulier l&rsquo;existence de r\u00e9tr\u00e9cissement (=st\u00e9nose) ou d&rsquo;obstruction (=thrombose).<\/p>\n<p>L&rsquo;examen se d\u00e9roule sous anesth\u00e9sie locale. Le m\u00e9decin introduit une aiguille dans une art\u00e8re au niveau de la zone anesth\u00e9si\u00e9e. Ensuite, il injecte le produit de contraste et r\u00e9alise des clich\u00e9s radiographiques pour explorer la morphologie des art\u00e8res.<\/p>\n<p>Durant cet examen le m\u00e9decin peut r\u00e9aliser des gestes sur les art\u00e8res:<\/p>\n<ul>\n<li>une angioplastie: une dilatation de l&rsquo;art\u00e8re \u00e0 l&rsquo;aide d&rsquo;un ballon.<\/li>\n<li>la pose d&rsquo;un stent dans une art\u00e8re pour la maintenir ouverte et permettre le passage du sang.<\/li>\n<\/ul>\n<p>Ses seules contre-indications sont l\u2019insuffisance r\u00e9nale et l\u2019allergie \u00e0 l<a href=\"http:\/\/nord-vasculaire.fr\/index.php\/iode\/\">\u2019iode.<\/a><\/p>\n","protected":false},"excerpt":{"rendered":"<p>&nbsp; L\u2019art\u00e9riographie (ou angiographie) utilise des rayons X (comme la radiographie) coupl\u00e9 \u00e0 l\u2019injection d\u2019un produit de contraste opaque aux rayons X (produit de contraste iod\u00e9). L\u2019injection du produit de contraste permet de cartographier les vaisseaux, et en particulier l&rsquo;existence de r\u00e9tr\u00e9cissement (=st\u00e9nose) ou d&rsquo;obstruction (=thrombose). L&rsquo;examen se d\u00e9roule sous anesth\u00e9sie locale. Le m\u00e9decin introduit &hellip; <\/p>\n<p class=\"link-more\"><a href=\"http:\/\/nord-vasculaire.fr\/index.php\/examens\/arteriographie\/\" class=\"more-link\">Continuer la lecture<span class=\"screen-reader-text\"> de &laquo;&nbsp;L&rsquo;art\u00e9riographie&nbsp;&raquo;<\/span><\/a><\/p>\n","protected":false},"author":1,"featured_media":460,"parent":240,"menu_order":0,"comment_status":"closed","ping_status":"closed","template":"","meta":{"_mi_skip_tracking":false},"jetpack_sharing_enabled":true,"jetpack_shortlink":"https:\/\/wp.me\/PaJ9uN-4i","_links":{"self":[{"href":"http:\/\/nord-vasculaire.fr\/index.php\/wp-json\/wp\/v2\/pages\/266"}],"collection":[{"href":"http:\/\/nord-vasculaire.fr\/index.php\/wp-json\/wp\/v2\/pages"}],"about":[{"href":"http:\/\/nord-vasculaire.fr\/index.php\/wp-json\/wp\/v2\/types\/page"}],"author":[{"embeddable":true,"href":"http:\/\/nord-vasculaire.fr\/index.php\/wp-json\/wp\/v2\/users\/1"}],"replies":[{"embeddable":true,"href":"http:\/\/nord-vasculaire.fr\/index.php\/wp-json\/wp\/v2\/comments?post=266"}],"version-history":[{"count":3,"href":"http:\/\/nord-vasculaire.fr\/index.php\/wp-json\/wp\/v2\/pages\/266\/revisions"}],"predecessor-version":[{"id":462,"href":"http:\/\/nord-vasculaire.fr\/index.php\/wp-json\/wp\/v2\/pages\/266\/revisions\/462"}],"up":[{"embeddable":true,"href":"http:\/\/nord-vasculaire.fr\/index.php\/wp-json\/wp\/v2\/pages\/240"}],"wp:featuredmedia":[{"embeddable":true,"href":"http:\/\/nord-vasculaire.fr\/index.php\/wp-json\/wp\/v2\/media\/460"}],"wp:attachment":[{"href":"http:\/\/nord-vasculaire.fr\/index.php\/wp-json\/wp\/v2\/media?parent=266"}],"curies":[{"name":"wp","href":"https:\/\/api.w.org\/{rel}","templated":true}]}}