{"id":235,"date":"2019-02-20T15:49:59","date_gmt":"2019-02-20T14:49:59","guid":{"rendered":"http:\/\/nord-vasculaire.fr\/?page_id=235"},"modified":"2019-05-02T21:44:32","modified_gmt":"2019-05-02T19:44:32","slug":"deroulement-hospitalisation","status":"publish","type":"page","link":"http:\/\/nord-vasculaire.fr\/index.php\/le-parcours-de-soin\/deroulement-hospitalisation\/","title":{"rendered":"D\u00e9roulement de l&rsquo;hospitalisation"},"content":{"rendered":"<p><strong>\u00a0<\/strong><\/p>\n<p>N&rsquo;oubliez pas de ramener l&rsquo;ensemble des documents m\u00e9dicaux et administratifs (ordonnances, bilans, examens d&rsquo;imagerie&#8230;)<\/p>\n<p>\u00c0 votre arriv\u00e9e, l&rsquo;infirmi\u00e8re d&rsquo;accueil va vous recevoir, avec vos accompagnants dans le bureau d&rsquo;accueil afin de r\u00e9aliser les formalit\u00e9s administratives :<\/p>\n<ul>\n<li>Dossier administratif (fiche de connaissance de la personne soign\u00e9e&#8230;)<\/li>\n<li>Dossier m\u00e9dical: photocopie de vos ordonnances de traitement, ajout des examens r\u00e9alis\u00e9s \u00e0 la demande du chirurgien ou n\u00e9cessaires au soin<\/li>\n<li>D\u00e9signation de la personne de confiance<\/li>\n<li>Remise du questionnaire de satisfaction qui sera \u00e0 rendre \u00e0 la sortie<\/li>\n<li>&#8230;<\/li>\n<\/ul>\n<p>Une prise de sang sera \u00e9galement r\u00e9alis\u00e9e, ainsi que la prise des constantes et un bracelet d&rsquo;identification sera remis.<\/p>\n<p>Ce premier contact avec l&rsquo;\u00e9quipe soignante est un moment important. Vous pourrez poser toutes les questions que vous souhaitez sur l&rsquo;hospitalisation:<\/p>\n<ul>\n<li>Prise en charge de la douleurs dans le service<\/li>\n<li>D\u00e9p\u00f4t d&rsquo;objets personnels au coffre<\/li>\n<li>Il faut \u00e9viter dans la mesure du possible de prendre des objets de valeurs (bijoux, cartes bancaires, ch\u00e9quiers, argent en esp\u00e8ce&#8230;)<\/li>\n<\/ul>\n<p>Les ordinateurs, tablettes, smartphones&#8230;sont d\u00e9conseill\u00e9s avant l&rsquo;acte chirurgical. L&rsquo;h\u00f4pital n&rsquo;est pas responsable en cas de vol.<\/p>\n<p>&nbsp;<\/p>\n<p>La veille de l&rsquo;op\u00e9ration, l&rsquo;anesth\u00e9siste passera vous voir. Une pr\u00e9m\u00e9dication sera effectu\u00e9e afin de vous d\u00e9tendre si besoin.<\/p>\n<p><a href=\"https:\/\/hopital-prive-villeneuve-d-ascq.ramsaygds.fr\/vous-%C3%AAtes-patient\/hospitalisation-en-chirurgie-6\" target=\"_blank\" rel=\"noopener noreferrer\">Plus d&rsquo;informations<\/a><\/p>\n","protected":false},"excerpt":{"rendered":"<p>\u00a0 N&rsquo;oubliez pas de ramener l&rsquo;ensemble des documents m\u00e9dicaux et administratifs (ordonnances, bilans, examens d&rsquo;imagerie&#8230;) \u00c0 votre arriv\u00e9e, l&rsquo;infirmi\u00e8re d&rsquo;accueil va vous recevoir, avec vos accompagnants dans le bureau d&rsquo;accueil afin de r\u00e9aliser les formalit\u00e9s administratives : Dossier administratif (fiche de connaissance de la personne soign\u00e9e&#8230;) Dossier m\u00e9dical: photocopie de vos ordonnances de traitement, ajout &hellip; <\/p>\n<p class=\"link-more\"><a href=\"http:\/\/nord-vasculaire.fr\/index.php\/le-parcours-de-soin\/deroulement-hospitalisation\/\" class=\"more-link\">Continuer la lecture<span class=\"screen-reader-text\"> de &laquo;&nbsp;D\u00e9roulement de l&rsquo;hospitalisation&nbsp;&raquo;<\/span><\/a><\/p>\n","protected":false},"author":1,"featured_media":542,"parent":530,"menu_order":0,"comment_status":"closed","ping_status":"closed","template":"","meta":{"_mi_skip_tracking":false},"jetpack_sharing_enabled":true,"jetpack_shortlink":"https:\/\/wp.me\/PaJ9uN-3N","_links":{"self":[{"href":"http:\/\/nord-vasculaire.fr\/index.php\/wp-json\/wp\/v2\/pages\/235"}],"collection":[{"href":"http:\/\/nord-vasculaire.fr\/index.php\/wp-json\/wp\/v2\/pages"}],"about":[{"href":"http:\/\/nord-vasculaire.fr\/index.php\/wp-json\/wp\/v2\/types\/page"}],"author":[{"embeddable":true,"href":"http:\/\/nord-vasculaire.fr\/index.php\/wp-json\/wp\/v2\/users\/1"}],"replies":[{"embeddable":true,"href":"http:\/\/nord-vasculaire.fr\/index.php\/wp-json\/wp\/v2\/comments?post=235"}],"version-history":[{"count":4,"href":"http:\/\/nord-vasculaire.fr\/index.php\/wp-json\/wp\/v2\/pages\/235\/revisions"}],"predecessor-version":[{"id":543,"href":"http:\/\/nord-vasculaire.fr\/index.php\/wp-json\/wp\/v2\/pages\/235\/revisions\/543"}],"up":[{"embeddable":true,"href":"http:\/\/nord-vasculaire.fr\/index.php\/wp-json\/wp\/v2\/pages\/530"}],"wp:featuredmedia":[{"embeddable":true,"href":"http:\/\/nord-vasculaire.fr\/index.php\/wp-json\/wp\/v2\/media\/542"}],"wp:attachment":[{"href":"http:\/\/nord-vasculaire.fr\/index.php\/wp-json\/wp\/v2\/media?parent=235"}],"curies":[{"name":"wp","href":"https:\/\/api.w.org\/{rel}","templated":true}]}}